{"id":631,"date":"2019-02-13T10:44:29","date_gmt":"2019-02-13T10:44:29","guid":{"rendered":"https:\/\/democontent.codex-themes.com\/sites-elementor\/medical-center\/?page_id=631"},"modified":"2022-11-16T11:09:22","modified_gmt":"2022-11-16T10:09:22","slug":"informations","status":"publish","type":"page","link":"https:\/\/www.clinique-med.com\/fr\/informations\/","title":{"rendered":"Informations"},"content":{"rendered":"","protected":false},"excerpt":{"rendered":"","protected":false},"author":1,"featured_media":0,"parent":0,"menu_order":0,"comment_status":"closed","ping_status":"closed","template":"","meta":{"footnotes":""},"class_list":["post-631","page","type-page","status-publish"],"yoast_head":"<!-- This site is optimized with the Yoast SEO plugin v27.0 - https:\/\/yoast.com\/product\/yoast-seo-wordpress\/ -->\n<title>Informations - Clinique M\u00e9diterran\u00e9enne<\/title>\n<meta name=\"robots\" content=\"index, follow, max-snippet:-1, max-image-preview:large, max-video-preview:-1\" \/>\n<link rel=\"canonical\" href=\"https:\/\/www.clinique-med.com\/fr\/informations\/\" \/>\n<meta property=\"og:locale\" content=\"fr_FR\" \/>\n<meta property=\"og:type\" content=\"article\" \/>\n<meta property=\"og:title\" content=\"Informations - Clinique M\u00e9diterran\u00e9enne\" \/>\n<meta property=\"og:url\" content=\"https:\/\/www.clinique-med.com\/fr\/informations\/\" \/>\n<meta property=\"og:site_name\" content=\"Clinique M\u00e9diterran\u00e9enne\" \/>\n<meta property=\"article:publisher\" content=\"https:\/\/www.facebook.com\/cliniquemed\" \/>\n<meta property=\"article:modified_time\" content=\"2022-11-16T10:09:22+00:00\" \/>\n<meta name=\"twitter:card\" content=\"summary_large_image\" \/>\n<meta name=\"twitter:site\" content=\"@cliniquemed\" \/>\n<!-- \/ Yoast SEO plugin. -->","yoast_head_json":{"title":"Informations - Clinique M\u00e9diterran\u00e9enne","robots":{"index":"index","follow":"follow","max-snippet":"max-snippet:-1","max-image-preview":"max-image-preview:large","max-video-preview":"max-video-preview:-1"},"canonical":"https:\/\/www.clinique-med.com\/fr\/informations\/","og_locale":"fr_FR","og_type":"article","og_title":"Informations - Clinique M\u00e9diterran\u00e9enne","og_url":"https:\/\/www.clinique-med.com\/fr\/informations\/","og_site_name":"Clinique M\u00e9diterran\u00e9enne","article_publisher":"https:\/\/www.facebook.com\/cliniquemed","article_modified_time":"2022-11-16T10:09:22+00:00","twitter_card":"summary_large_image","twitter_site":"@cliniquemed","schema":{"@context":"https:\/\/schema.org","@graph":[{"@type":"Article","@id":"https:\/\/www.clinique-med.com\/fr\/informations\/#article","isPartOf":{"@id":"https:\/\/www.clinique-med.com\/fr\/informations\/"},"author":{"name":"cli_adm_log","@id":"https:\/\/www.clinique-med.com\/fr\/#\/schema\/person\/9ad463e520e578c17ad550e4ce8eb15b"},"headline":"Informations","datePublished":"2019-02-13T10:44:29+00:00","dateModified":"2022-11-16T10:09:22+00:00","mainEntityOfPage":{"@id":"https:\/\/www.clinique-med.com\/fr\/informations\/"},"wordCount":1,"publisher":{"@id":"https:\/\/www.clinique-med.com\/fr\/#organization"},"inLanguage":"fr-FR"},{"@type":"WebPage","@id":"https:\/\/www.clinique-med.com\/fr\/informations\/","url":"https:\/\/www.clinique-med.com\/fr\/informations\/","name":"Informations - Clinique M\u00e9diterran\u00e9enne","isPartOf":{"@id":"https:\/\/www.clinique-med.com\/fr\/#website"},"datePublished":"2019-02-13T10:44:29+00:00","dateModified":"2022-11-16T10:09:22+00:00","breadcrumb":{"@id":"https:\/\/www.clinique-med.com\/fr\/informations\/#breadcrumb"},"inLanguage":"fr-FR","potentialAction":[{"@type":"ReadAction","target":["https:\/\/www.clinique-med.com\/fr\/informations\/"]}]},{"@type":"BreadcrumbList","@id":"https:\/\/www.clinique-med.com\/fr\/informations\/#breadcrumb","itemListElement":[{"@type":"ListItem","position":1,"name":"Accueil","item":"https:\/\/www.clinique-med.com\/fr\/"},{"@type":"ListItem","position":2,"name":"Informations"}]},{"@type":"WebSite","@id":"https:\/\/www.clinique-med.com\/fr\/#website","url":"https:\/\/www.clinique-med.com\/fr\/","name":"Clinique M\u00e9diterran\u00e9enne","description":"clinique M\u00e9diterran\u00e9enne, Centres d&#039;explorations, Cardiologie, Oncologie, P\u00e9diatrie, Gyn\u00e9cologie &amp; Obst\u00e9trique, Chirurgie Orthop\u00e9dique et proth\u00e9tique, Chirurgie Urologique et r\u00e9nale, Chirurgie visc\u00e9rale &amp; Digestive, dialyse","publisher":{"@id":"https:\/\/www.clinique-med.com\/fr\/#organization"},"alternateName":"La clinique M\u00e9diterran\u00e9enne","potentialAction":[{"@type":"SearchAction","target":{"@type":"EntryPoint","urlTemplate":"https:\/\/www.clinique-med.com\/fr\/?s={search_term_string}"},"query-input":{"@type":"PropertyValueSpecification","valueRequired":true,"valueName":"search_term_string"}}],"inLanguage":"fr-FR"},{"@type":"Organization","@id":"https:\/\/www.clinique-med.com\/fr\/#organization","name":"La clinique M\u00e9diterran\u00e9enne","alternateName":"La clinique M\u00e9diterran\u00e9enne","url":"https:\/\/www.clinique-med.com\/fr\/","logo":{"@type":"ImageObject","inLanguage":"fr-FR","@id":"https:\/\/www.clinique-med.com\/fr\/#\/schema\/logo\/image\/","url":"https:\/\/www.clinique-med.com\/wp-content\/uploads\/2022\/12\/logo-v3-1.png","contentUrl":"https:\/\/www.clinique-med.com\/wp-content\/uploads\/2022\/12\/logo-v3-1.png","width":306,"height":120,"caption":"La clinique M\u00e9diterran\u00e9enne"},"image":{"@id":"https:\/\/www.clinique-med.com\/fr\/#\/schema\/logo\/image\/"},"sameAs":["https:\/\/www.facebook.com\/cliniquemed","https:\/\/x.com\/cliniquemed","https:\/\/www.linkedin.com\/company\/cliniquemed\/","https:\/\/www.instagram.com\/clinique_med\/","https:\/\/www.youtube.com\/channel\/UCBWCZs88eg_AZRdhLyCK9Tw"]},{"@type":"Person","@id":"https:\/\/www.clinique-med.com\/fr\/#\/schema\/person\/9ad463e520e578c17ad550e4ce8eb15b","name":"cli_adm_log","image":{"@type":"ImageObject","inLanguage":"fr-FR","@id":"https:\/\/www.clinique-med.com\/fr\/#\/schema\/person\/image\/","url":"https:\/\/secure.gravatar.com\/avatar\/2d88266096ce4a3dd547cee507edf92948258620fd10fa7d0a589337edd24ba9?s=96&d=mm&r=g","contentUrl":"https:\/\/secure.gravatar.com\/avatar\/2d88266096ce4a3dd547cee507edf92948258620fd10fa7d0a589337edd24ba9?s=96&d=mm&r=g","caption":"cli_adm_log"},"sameAs":["http:\/\/gngvusw.cluster028.hosting.ovh.net"],"url":"https:\/\/www.clinique-med.com\/fr\/author\/cli_adm_log\/"}]}},"_links":{"self":[{"href":"https:\/\/www.clinique-med.com\/fr\/wp-json\/wp\/v2\/pages\/631","targetHints":{"allow":["GET"]}}],"collection":[{"href":"https:\/\/www.clinique-med.com\/fr\/wp-json\/wp\/v2\/pages"}],"about":[{"href":"https:\/\/www.clinique-med.com\/fr\/wp-json\/wp\/v2\/types\/page"}],"author":[{"embeddable":true,"href":"https:\/\/www.clinique-med.com\/fr\/wp-json\/wp\/v2\/users\/1"}],"replies":[{"embeddable":true,"href":"https:\/\/www.clinique-med.com\/fr\/wp-json\/wp\/v2\/comments?post=631"}],"version-history":[{"count":1,"href":"https:\/\/www.clinique-med.com\/fr\/wp-json\/wp\/v2\/pages\/631\/revisions"}],"predecessor-version":[{"id":1258,"href":"https:\/\/www.clinique-med.com\/fr\/wp-json\/wp\/v2\/pages\/631\/revisions\/1258"}],"wp:attachment":[{"href":"https:\/\/www.clinique-med.com\/fr\/wp-json\/wp\/v2\/media?parent=631"}],"curies":[{"name":"wp","href":"https:\/\/api.w.org\/{rel}","templated":true}]}}