{"id":1968,"date":"2022-12-26T17:30:24","date_gmt":"2022-12-26T16:30:24","guid":{"rendered":"https:\/\/gngvusw.cluster028.hosting.ovh.net\/?page_id=1968"},"modified":"2023-05-08T13:01:14","modified_gmt":"2023-05-08T11:01:14","slug":"poles-dactivites","status":"publish","type":"page","link":"https:\/\/www.clinique-med.com\/fr\/poles-dactivites\/","title":{"rendered":"P\u00f4les d&rsquo;activit\u00e9s"},"content":{"rendered":"\t\t<div data-elementor-type=\"wp-page\" data-elementor-id=\"1968\" class=\"elementor elementor-1968\">\n\t\t\t\t\t\t<section class=\"elementor-section elementor-top-section elementor-element elementor-element-16d16276 elementor-section-stretched elementor-section-boxed elementor-section-height-default elementor-section-height-default\" data-id=\"16d16276\" data-element_type=\"section\" data-e-type=\"section\" data-settings=\"{&quot;background_background&quot;:&quot;classic&quot;,&quot;stretch_section&quot;:&quot;section-stretched&quot;}\">\r\n\t\t\t\t\t\t<div class=\"elementor-container elementor-column-gap-thegem\"><div class=\"elementor-row\">\r\n\t\t\t\t\t<div class=\"elementor-column elementor-col-100 elementor-top-column elementor-element elementor-element-4387fe13\" data-id=\"4387fe13\" data-element_type=\"column\" data-e-type=\"column\">\n\t\t\t<div class=\"elementor-widget-wrap elementor-element-populated\">\n\t\t\t\t\t\t<div class=\"elementor-element elementor-element-4fdc9f38 flex-horizontal-align-default flex-horizontal-align-tablet-default flex-horizontal-align-mobile-default flex-vertical-align-default flex-vertical-align-tablet-default flex-vertical-align-mobile-default elementor-widget elementor-widget-text-editor\" data-id=\"4fdc9f38\" data-element_type=\"widget\" data-e-type=\"widget\" data-widget_type=\"text-editor.default\">\n\t\t\t\t<div class=\"elementor-widget-container\">\n\t\t\t\t\t\t\t\t\t\t\t\t<div class=\"elementor-text-editor elementor-clearfix\">\r\n\t\t\t\t\t\t<div class=\"title-h2\"><span style=\"color: #00a4ef;\">Nos\u00a0<span style=\"color: #3c3950;\">p\u00f4les d&rsquo;activit\u00e9s<\/span><\/span><\/div>\t\t\t\t\t\t\t<\/div>\r\n\t\t\t\t\t\t\t\t\t\t<\/div>\n\t\t\t\t<\/div>\n\t\t\t\t<div class=\"elementor-element elementor-element-4b47915f elementor-widget__width-initial flex-horizontal-align-default flex-horizontal-align-tablet-default flex-horizontal-align-mobile-default flex-vertical-align-default flex-vertical-align-tablet-default flex-vertical-align-mobile-default elementor-widget elementor-widget-text-editor\" data-id=\"4b47915f\" data-element_type=\"widget\" data-e-type=\"widget\" data-widget_type=\"text-editor.default\">\n\t\t\t\t<div class=\"elementor-widget-container\">\n\t\t\t\t\t\t\t\t\t\t\t\t<div class=\"elementor-text-editor elementor-clearfix\">\r\n\t\t\t\t\t\t<p>L\u2019excellence des soins prodigu\u00e9s aux patients est r\u00e9alis\u00e9e gr\u00e2ce au professionnalisme et \u00e0 l\u2019esprit d\u2019\u00e9quipe dont fait preuve l\u2019ensemble de notre personnel soignant. Nos p\u00f4les d&rsquo;activit\u00e9s pluridisciplinaires prennent en charge l&rsquo;ensemble du r\u00e9pertoire m\u00e9dical afin d&rsquo;assurer \u00e0 nos patients une efficacit\u00e9 totale dans le traitement de leurs maladies.\u00a0<\/p>\t\t\t\t\t\t\t<\/div>\r\n\t\t\t\t\t\t\t\t\t\t<\/div>\n\t\t\t\t<\/div>\n\t\t\t\t<div class=\"elementor-element elementor-element-63b0a2f3 flex-horizontal-align-default flex-horizontal-align-tablet-default flex-horizontal-align-mobile-default flex-vertical-align-default flex-vertical-align-tablet-default flex-vertical-align-mobile-default elementor-widget elementor-widget-thegem-quickfinders\" data-id=\"63b0a2f3\" data-element_type=\"widget\" data-e-type=\"widget\" data-settings=\"{&quot;thegem_elementor_preset&quot;:&quot;iconed&quot;}\" data-widget_type=\"thegem-quickfinders.default\">\n\t\t\t\t<div class=\"elementor-widget-container\">\n\t\t\t\t\t\n<div class=\"quickfinder row inline-row quickfinder-style-iconed\">\n\t\t\t<div class=\"lazy-loading  quickfinder-item inline-column col-md-4 col-sm-6 col-xs-12\">\n\n\t\t\t\t\t\t\t<div class=\"quickfinder-item-box\">\n\t\t\t\n\t\t\t\t<div class=\"quickfinder-item-inner bordered-box icon-top icon-wrapping-none centered-box button-bottom lazy-loading-item\" data-ll-effect=\"fading\" data-ll-item-delay=\"200\"> \n\n\t\t\t\t\t\t\t\t\t\t\t<div class=\"quickfinder-icon-container\">\n\n\t<div class=\"connector-container\">\n\t\t<span><\/span>\n\t<\/div>\n\n\t<div class=\"gem-qf-icon-image-wrapper lazy-loading-item\" data-ll-effect=\"clip\">\n\t\t\t\t\t<div class=\"gem-image\">\n\t\t\t\t<span>\n\t\t\t\t\t<img width=\"82\" height=\"82\" src=\"https:\/\/www.clinique-med.com\/wp-content\/uploads\/2022\/11\/mere-et-enfant.png\" class=\"attachment-full size-full wp-image-997\" alt=\"m\u00e8re et enfant clinique med\" loading=\"lazy\" \/>\t\t\t\t<\/span>\n\t\t\t<\/div>\n\n\n\t\t\n\t\t\t<\/div>\n\n\t<div class=\"connector-container\">\n\t\t<span><\/span>\n\t<\/div>\n\n<\/div>\n\n\t\t\t\t\t\n\t\t\t\t\t<div class=\"quickfinder-item-info-wrapper\"> \n\t\t\t\t\t\t<div class=\"quickfinder-item-info lazy-loading-item\" data-ll-effect=\"fading\" data-ll-item-delay=\"200\">\n\t\n\t\t<h5 class=\"quickfinder-title title-h5 bold\">\n\t\t\tM\u00e8re et enfant\t\t<\/h5>\n\t\n\t\n\t\t<div class=\"quickfinder-description gem-text-output\">\n\t\t\t<p>Ce p\u00f4le bien \u00e9quip\u00e9, prend en charge l&rsquo;ensemble des pathologies de la femme et de l\u2019enfant : Prise en charge de la grossesse, <a href=\"https:\/\/www.clinique-med.com\/pediatre-un-atout-gagnant-pour-la-sante-de-vos-enfants\/\">Chirurgie p\u00e9diatrique<\/a> (Malformations cong\u00e9nitales, orthop\u00e9die,), Cancers de l\u2019endom\u00e8tre, Les Fibromes, Prolapsus, Kyste Ovarien, F\u00e9condation in vitro, St\u00e9rilit\u00e9, avec un d\u00e9partement PMA (procr\u00e9ation m\u00e9dicalement assist\u00e9e) compl\u00e9tement d\u00e9di\u00e9e.<\/p>\t\t<\/div>\n\t\n\t<\/div>\t\t\t\t\t<\/div>\n\n\t\t\t\t\t\t<a href=\"https:\/\/www.clinique-med.com\/poles-dactivites\/pole-mere-et-enfant\/\" target=\"_blank\" rel=\"nofollow\" class=\"quickfinder-item-link\"><\/a>\n\n\t\t\t\t<\/div>\n\n\t\t\t\t\t\t\t<\/div>\n\t\t\t\t\t<\/div>\n\t\t\t<div class=\"lazy-loading  quickfinder-item inline-column col-md-4 col-sm-6 col-xs-12\">\n\n\t\t\t\t\t\t\t<div class=\"quickfinder-item-box\">\n\t\t\t\n\t\t\t\t<div class=\"quickfinder-item-inner bordered-box icon-top icon-wrapping-none centered-box button-bottom lazy-loading-item\" data-ll-effect=\"fading\" data-ll-item-delay=\"200\"> \n\n\t\t\t\t\t\t\t\t\t\t\t<div class=\"quickfinder-icon-container\">\n\n\t<div class=\"connector-container\">\n\t\t<span><\/span>\n\t<\/div>\n\n\t<div class=\"gem-qf-icon-image-wrapper lazy-loading-item\" data-ll-effect=\"clip\">\n\t\t\t\t\t<div class=\"gem-image\">\n\t\t\t\t<span>\n\t\t\t\t\t<img width=\"82\" height=\"82\" src=\"https:\/\/www.clinique-med.com\/wp-content\/uploads\/2022\/11\/vicerale.png\" class=\"attachment-full size-full wp-image-1001\" alt=\"chirurgie visc\u00e9rale clinique med\" loading=\"lazy\" \/>\t\t\t\t<\/span>\n\t\t\t<\/div>\n\n\n\t\t\n\t\t\t<\/div>\n\n\t<div class=\"connector-container\">\n\t\t<span><\/span>\n\t<\/div>\n\n<\/div>\n\n\t\t\t\t\t\n\t\t\t\t\t<div class=\"quickfinder-item-info-wrapper\"> \n\t\t\t\t\t\t<div class=\"quickfinder-item-info lazy-loading-item\" data-ll-effect=\"fading\" data-ll-item-delay=\"200\">\n\t\n\t\t<h5 class=\"quickfinder-title title-h5 bold\">\n\t\t\tChirurgie visc\u00e9rale\t\t<\/h5>\n\t\n\t\n\t\t<div class=\"quickfinder-description gem-text-output\">\n\t\t\t<p>Le P\u00f4le de chirurgie Visc\u00e9rale se consacre \u00e0 la : Chirurgie endoscopique et ablation de l&rsquo;appendice, op\u00e9rations des hernies de toutes sortes, occlusion intestinale, exploration des voies biliaires, op\u00e9rations d&rsquo;ulc\u00e8re gastrique, Chirurgie proctologique : ablation des h\u00e9morro\u00efdes anales, Chirurgie du syst\u00e8me digestif, Chirurgie du foie, de la v\u00e9sicule et du pancr\u00e9as, Chirurgie de l&rsquo;ob\u00e9sit\u00e9 \u00ab\u00a0<a href=\"https:\/\/fr.wikipedia.org\/wiki\/Sleeve_gastrectomie\" target=\"_blank\" rel=\"noopener\">sleeve<\/a>, bypass\u00a0\u00bb, Chirurgie d&rsquo;urgence, &#8230;<\/p>\t\t<\/div>\n\t\n\t<\/div>\t\t\t\t\t<\/div>\n\n\t\t\t\t\t\t<a href=\"https:\/\/www.clinique-med.com\/poles-dactivites\/pole-de-chirurgie-viscerale\/\" target=\"_blank\" rel=\"nofollow\" class=\"quickfinder-item-link\"><\/a>\n\n\t\t\t\t<\/div>\n\n\t\t\t\t\t\t\t<\/div>\n\t\t\t\t\t<\/div>\n\t\t\t<div class=\"lazy-loading  quickfinder-item inline-column col-md-4 col-sm-6 col-xs-12\">\n\n\t\t\t\t\t\t\t<div class=\"quickfinder-item-box\">\n\t\t\t\n\t\t\t\t<div class=\"quickfinder-item-inner bordered-box icon-top icon-wrapping-none centered-box button-bottom lazy-loading-item\" data-ll-effect=\"fading\" data-ll-item-delay=\"200\"> \n\n\t\t\t\t\t\t\t\t\t\t\t<div class=\"quickfinder-icon-container\">\n\n\t<div class=\"connector-container\">\n\t\t<span><\/span>\n\t<\/div>\n\n\t<div class=\"gem-qf-icon-image-wrapper lazy-loading-item\" data-ll-effect=\"clip\">\n\t\t\t\t\t<div class=\"gem-image\">\n\t\t\t\t<span>\n\t\t\t\t\t<img width=\"82\" height=\"82\" src=\"https:\/\/www.clinique-med.com\/wp-content\/uploads\/2022\/11\/oncologie-1.png\" class=\"attachment-full size-full wp-image-1004\" alt=\"oncologie clinique med\" loading=\"lazy\" \/>\t\t\t\t<\/span>\n\t\t\t<\/div>\n\n\n\t\t\n\t\t\t<\/div>\n\n\t<div class=\"connector-container\">\n\t\t<span><\/span>\n\t<\/div>\n\n<\/div>\n\n\t\t\t\t\t\n\t\t\t\t\t<div class=\"quickfinder-item-info-wrapper\"> \n\t\t\t\t\t\t<div class=\"quickfinder-item-info lazy-loading-item\" data-ll-effect=\"fading\" data-ll-item-delay=\"200\">\n\t\n\t\t<h5 class=\"quickfinder-title title-h5 bold\">\n\t\t\tOncologie\t\t<\/h5>\n\t\n\t\n\t\t<div class=\"quickfinder-description gem-text-output\">\n\t\t\t<p>L&rsquo;oncologie, est la sp\u00e9cialit\u00e9 m\u00e9dicale d&rsquo;\u00e9tude, de diagnostic et de traitement des cancers.<\/p><p>Notre clinique poss\u00e8de une unit\u00e9 de Chimioth\u00e9rapie Ambulatoire est une structure hospitali\u00e8re de jour, constitu\u00e9e : d\u2019une unit\u00e9 d\u2019Hospitalisation de jour de 10 Lits, une unit\u00e9 de pr\u00e9paration des cytotoxiques \u00e9quip\u00e9e d\u2019une hotte.<\/p>\t\t<\/div>\n\t\n\t<\/div>\t\t\t\t\t<\/div>\n\n\t\t\t\t\t\t<a href=\"https:\/\/www.clinique-med.com\/poles-dactivites\/pole-doncologie\/\" target=\"_blank\" rel=\"nofollow\" class=\"quickfinder-item-link\"><\/a>\n\n\t\t\t\t<\/div>\n\n\t\t\t\t\t\t\t<\/div>\n\t\t\t\t\t<\/div>\n\t\t\t<div class=\"lazy-loading  quickfinder-item inline-column col-md-4 col-sm-6 col-xs-12\">\n\n\t\t\t\t\t\t\t<div class=\"quickfinder-item-box\">\n\t\t\t\n\t\t\t\t<div class=\"quickfinder-item-inner bordered-box icon-top icon-wrapping-none centered-box button-bottom lazy-loading-item\" data-ll-effect=\"fading\" data-ll-item-delay=\"200\"> \n\n\t\t\t\t\t\t\t\t\t\t\t<div class=\"quickfinder-icon-container\">\n\n\t<div class=\"connector-container\">\n\t\t<span><\/span>\n\t<\/div>\n\n\t<div class=\"gem-qf-icon-image-wrapper lazy-loading-item\" data-ll-effect=\"clip\">\n\t\t\t\t\t<div class=\"gem-image\">\n\t\t\t\t<span>\n\t\t\t\t\t<img loading=\"lazy\" width=\"82\" height=\"82\" src=\"https:\/\/www.clinique-med.com\/wp-content\/uploads\/2022\/11\/urologie.png\" class=\"attachment-full size-full wp-image-1005\" alt=\"Centre M\u00e9dico-chirurgicale d&#039;Urologie\" \/>\t\t\t\t<\/span>\n\t\t\t<\/div>\n\n\n\t\t\n\t\t\t<\/div>\n\n\t<div class=\"connector-container\">\n\t\t<span><\/span>\n\t<\/div>\n\n<\/div>\n\n\t\t\t\t\t\n\t\t\t\t\t<div class=\"quickfinder-item-info-wrapper\"> \n\t\t\t\t\t\t<div class=\"quickfinder-item-info lazy-loading-item\" data-ll-effect=\"fading\" data-ll-item-delay=\"200\">\n\t\n\t\t<h5 class=\"quickfinder-title title-h5 bold\">\n\t\t\tCentre M\u00e9dico-chirurgicale d'Urologie\t\t<\/h5>\n\t\n\t\n\t\t<div class=\"quickfinder-description gem-text-output\">\n\t\t\t<p>La chirurgie urologique se consacre aux : Maladies Lithiasiques\u00a0: Ur\u00e9t\u00e9roscopie Semi-rigide et Souple, N\u00e9phrolithotomie percutan\u00e9e (NLPC), chirurgie ouverte, Py\u00e9lotomie, Maladies <a href=\"https:\/\/www.clinique-med.com\/prostate-definition-fonction-et-maladies\/\">Prostatiques<\/a>\u00a0: R\u00e9section endoscopique de la prostate, Prostatectomie, Ad\u00e9nomectomie Trans v\u00e9sicale, Maladies Uroth\u00e9liale\u00a0: Cystectomie, N\u00e9phro-ur\u00e9t\u00e9rectomie, R\u00e9section de la Tumeur v\u00e9sicale, Autres N\u00e9phrectomie \u00e9largie, Surr\u00e9nalectomie, Chirurgie uro-p\u00e9diatrique, Chirurgie de l\u2019Ur\u00e8tre, OGE&#8230;<\/p>\t\t<\/div>\n\t\n\t<\/div>\t\t\t\t\t<\/div>\n\n\t\t\t\t\t\t<a href=\"https:\/\/www.clinique-med.com\/poles-dactivites\/pole-medico-chirurgical-de-lurologie\/\" target=\"_blank\" rel=\"nofollow\" class=\"quickfinder-item-link\"><\/a>\n\n\t\t\t\t<\/div>\n\n\t\t\t\t\t\t\t<\/div>\n\t\t\t\t\t<\/div>\n\t\t\t<div class=\"lazy-loading  quickfinder-item inline-column col-md-4 col-sm-6 col-xs-12\">\n\n\t\t\t\t\t\t\t<div class=\"quickfinder-item-box\">\n\t\t\t\n\t\t\t\t<div class=\"quickfinder-item-inner bordered-box icon-top icon-wrapping-none centered-box button-bottom lazy-loading-item\" data-ll-effect=\"fading\" data-ll-item-delay=\"200\"> \n\n\t\t\t\t\t\t\t\t\t\t\t<div class=\"quickfinder-icon-container\">\n\n\t<div class=\"connector-container\">\n\t\t<span><\/span>\n\t<\/div>\n\n\t<div class=\"gem-qf-icon-image-wrapper lazy-loading-item\" data-ll-effect=\"clip\">\n\t\t\t\t\t<div class=\"gem-image\">\n\t\t\t\t<span>\n\t\t\t\t\t<img loading=\"lazy\" width=\"82\" height=\"82\" src=\"https:\/\/www.clinique-med.com\/wp-content\/uploads\/2022\/11\/colonne.png\" class=\"attachment-full size-full wp-image-1013\" alt=\"colonne vert\u00e9brale clinique med\" \/>\t\t\t\t<\/span>\n\t\t\t<\/div>\n\n\n\t\t\n\t\t\t<\/div>\n\n\t<div class=\"connector-container\">\n\t\t<span><\/span>\n\t<\/div>\n\n<\/div>\n\n\t\t\t\t\t\n\t\t\t\t\t<div class=\"quickfinder-item-info-wrapper\"> \n\t\t\t\t\t\t<div class=\"quickfinder-item-info lazy-loading-item\" data-ll-effect=\"fading\" data-ll-item-delay=\"200\">\n\t\n\t\t<h5 class=\"quickfinder-title title-h5 bold\">\n\t\t\tOrthop\u00e9die et Chirurgie de la Colonne Vert\u00e9brale\t\t<\/h5>\n\t\n\t\n\t\t<div class=\"quickfinder-description gem-text-output\">\n\t\t\t<p>Le p\u00f4le de l&rsquo;orthop\u00e9die et de la colonne vert\u00e9brale se consacre \u00e0 la : Chirurgie du rachis, Chirurgie de la hanche, Chirurgie du genou (ligaments et proth\u00e8se), Chirurgie du pied et de la cheville, Chirurgie du membre sup\u00e9rieur et de la main, <a href=\"https:\/\/www.clinique-med.com\/trouver-un-orthopediste-a-tunis\/\">Orthop\u00e9die<\/a> p\u00e9diatrique, Chirurgie traumatologique (fractures et accidents, &#8230;)<\/p>\t\t<\/div>\n\t\n\t<\/div>\t\t\t\t\t<\/div>\n\n\t\t\t\t\t\t<a href=\"https:\/\/www.clinique-med.com\/poles-dactivites\/pole-de-lorthopedie-et-de-la-colonne-vertebrale\/\" target=\"_blank\" rel=\"nofollow\" class=\"quickfinder-item-link\"><\/a>\n\n\t\t\t\t<\/div>\n\n\t\t\t\t\t\t\t<\/div>\n\t\t\t\t\t<\/div>\n\t\t\t<div class=\"lazy-loading  quickfinder-item inline-column col-md-4 col-sm-6 col-xs-12\">\n\n\t\t\t\t\t\t\t<div class=\"quickfinder-item-box\">\n\t\t\t\n\t\t\t\t<div class=\"quickfinder-item-inner bordered-box icon-top icon-wrapping-none centered-box button-bottom lazy-loading-item\" data-ll-effect=\"fading\" data-ll-item-delay=\"200\"> \n\n\t\t\t\t\t\t\t\t\t\t\t<div class=\"quickfinder-icon-container\">\n\n\t<div class=\"connector-container\">\n\t\t<span><\/span>\n\t<\/div>\n\n\t<div class=\"gem-qf-icon-image-wrapper lazy-loading-item\" data-ll-effect=\"clip\">\n\t\t\t\t\t<div class=\"gem-image\">\n\t\t\t\t<span>\n\t\t\t\t\t<img loading=\"lazy\" width=\"82\" height=\"82\" src=\"https:\/\/www.clinique-med.com\/wp-content\/uploads\/2022\/11\/rea.png\" class=\"attachment-full size-full wp-image-1012\" alt=\"pole r\u00e9animation clinique med\" \/>\t\t\t\t<\/span>\n\t\t\t<\/div>\n\n\n\t\t\n\t\t\t<\/div>\n\n\t<div class=\"connector-container\">\n\t\t<span><\/span>\n\t<\/div>\n\n<\/div>\n\n\t\t\t\t\t\n\t\t\t\t\t<div class=\"quickfinder-item-info-wrapper\"> \n\t\t\t\t\t\t<div class=\"quickfinder-item-info lazy-loading-item\" data-ll-effect=\"fading\" data-ll-item-delay=\"200\">\n\t\n\t\t<h5 class=\"quickfinder-title title-h5 bold\">\n\t\t\tM\u00e9decine d'urgence et R\u00e9animation\t\t<\/h5>\n\t\n\t\n\t\t<div class=\"quickfinder-description gem-text-output\">\n\t\t\t<p>L\u2019Urgence re\u00e7oit tous les patients 24\/24H, 7\/7J. \u00a0Elle est dot\u00e9e d&rsquo;\u00e9quipements d&rsquo;urgence et de r\u00e9animation de derni\u00e8re g\u00e9n\u00e9ration. Une \u00e9quipe de m\u00e9decins comp\u00e9tents prend en charge les diff\u00e9rentes pathologies urgentes, soit en hospitalisation, soit en soins ambulatoires n\u00e9cessaires : Prise en charge initiale de pathologie cardiaque et de pneumologique, Prise en charge initiale des accidents vasculaires c\u00e9r\u00e9braux, Prise en charge initiale des accidents de la voie publique les AVP, &#8230;<\/p>\t\t<\/div>\n\t\n\t<\/div>\t\t\t\t\t<\/div>\n\n\t\t\t\t\t\t<a href=\"https:\/\/www.clinique-med.com\/poles-dactivites\/pole-de-la-medecine-durgence-et-de-la-reanimation\/\" target=\"_blank\" rel=\"nofollow\" class=\"quickfinder-item-link\"><\/a>\n\n\t\t\t\t<\/div>\n\n\t\t\t\t\t\t\t<\/div>\n\t\t\t\t\t<\/div>\n\t<\/div>\n\t\t\t\t<\/div>\n\t\t\t\t<\/div>\n\t\t\t\t\t<\/div>\n\t\t<\/div>\n\t\t\t\t\t<\/div><\/div>\r\n\t\t<\/section>\r\n\t\t\t\t<\/div>\n\t\t","protected":false},"excerpt":{"rendered":"<p>Nos\u00a0p\u00f4les d&rsquo;activit\u00e9s L\u2019excellence des soins prodigu\u00e9s aux patients est r\u00e9alis\u00e9e gr\u00e2ce au professionnalisme et \u00e0 l\u2019esprit d\u2019\u00e9quipe dont fait preuve&#8230;<\/p>\n","protected":false},"author":1,"featured_media":0,"parent":0,"menu_order":0,"comment_status":"closed","ping_status":"closed","template":"page-fullwidth.php","meta":{"footnotes":""},"class_list":["post-1968","page","type-page","status-publish"],"yoast_head":"<!-- This site is optimized with the Yoast SEO plugin v27.0 - https:\/\/yoast.com\/product\/yoast-seo-wordpress\/ -->\n<title>P\u00f4les d&#039;activit\u00e9s - Clinique M\u00e9diterran\u00e9enne<\/title>\n<meta name=\"description\" content=\"P\u00f4les d&#039;activit\u00e9s clinique M\u00e9diterran\u00e9enne, P\u00f4le M\u00e8re et enfant, P\u00f4le d\u2019Oncologie, P\u00f4le de l&#039;orthop\u00e9die, P\u00f4le de l&#039;Urologie, P\u00f4le d&#039;urgence\" \/>\n<meta name=\"robots\" content=\"index, follow, max-snippet:-1, max-image-preview:large, max-video-preview:-1\" \/>\n<link rel=\"canonical\" href=\"https:\/\/www.clinique-med.com\/fr\/poles-dactivites\/\" \/>\n<meta property=\"og:locale\" content=\"fr_FR\" \/>\n<meta property=\"og:type\" content=\"article\" \/>\n<meta property=\"og:title\" content=\"P\u00f4les d&#039;activit\u00e9s - Clinique M\u00e9diterran\u00e9enne\" \/>\n<meta property=\"og:description\" content=\"P\u00f4les d&#039;activit\u00e9s clinique M\u00e9diterran\u00e9enne, P\u00f4le M\u00e8re et enfant, P\u00f4le d\u2019Oncologie, P\u00f4le de l&#039;orthop\u00e9die, P\u00f4le de l&#039;Urologie, P\u00f4le d&#039;urgence\" \/>\n<meta property=\"og:url\" content=\"https:\/\/www.clinique-med.com\/fr\/poles-dactivites\/\" \/>\n<meta property=\"og:site_name\" content=\"Clinique M\u00e9diterran\u00e9enne\" \/>\n<meta property=\"article:publisher\" content=\"https:\/\/www.facebook.com\/cliniquemed\" \/>\n<meta property=\"article:modified_time\" content=\"2023-05-08T11:01:14+00:00\" \/>\n<meta property=\"og:image\" content=\"https:\/\/www.clinique-med.com\/wp-content\/uploads\/2022\/11\/mere-et-enfant.png\" \/>\n<meta name=\"twitter:card\" content=\"summary_large_image\" \/>\n<meta name=\"twitter:site\" content=\"@cliniquemed\" \/>\n<meta name=\"twitter:label1\" content=\"Dur\u00e9e de lecture estim\u00e9e\" \/>\n\t<meta name=\"twitter:data1\" content=\"4 minutes\" \/>\n<!-- \/ Yoast SEO plugin. -->","yoast_head_json":{"title":"P\u00f4les d'activit\u00e9s - Clinique M\u00e9diterran\u00e9enne","description":"P\u00f4les d'activit\u00e9s clinique M\u00e9diterran\u00e9enne, P\u00f4le M\u00e8re et enfant, P\u00f4le d\u2019Oncologie, P\u00f4le de l'orthop\u00e9die, P\u00f4le de l'Urologie, P\u00f4le d'urgence","robots":{"index":"index","follow":"follow","max-snippet":"max-snippet:-1","max-image-preview":"max-image-preview:large","max-video-preview":"max-video-preview:-1"},"canonical":"https:\/\/www.clinique-med.com\/fr\/poles-dactivites\/","og_locale":"fr_FR","og_type":"article","og_title":"P\u00f4les d'activit\u00e9s - Clinique M\u00e9diterran\u00e9enne","og_description":"P\u00f4les d'activit\u00e9s clinique M\u00e9diterran\u00e9enne, P\u00f4le M\u00e8re et enfant, P\u00f4le d\u2019Oncologie, P\u00f4le de l'orthop\u00e9die, P\u00f4le de l'Urologie, P\u00f4le d'urgence","og_url":"https:\/\/www.clinique-med.com\/fr\/poles-dactivites\/","og_site_name":"Clinique M\u00e9diterran\u00e9enne","article_publisher":"https:\/\/www.facebook.com\/cliniquemed","article_modified_time":"2023-05-08T11:01:14+00:00","og_image":[{"url":"https:\/\/www.clinique-med.com\/wp-content\/uploads\/2022\/11\/mere-et-enfant.png","type":"","width":"","height":""}],"twitter_card":"summary_large_image","twitter_site":"@cliniquemed","twitter_misc":{"Dur\u00e9e de lecture estim\u00e9e":"4 minutes"},"schema":{"@context":"https:\/\/schema.org","@graph":[{"@type":"Article","@id":"https:\/\/www.clinique-med.com\/fr\/poles-dactivites\/#article","isPartOf":{"@id":"https:\/\/www.clinique-med.com\/fr\/poles-dactivites\/"},"author":{"name":"cli_adm_log","@id":"https:\/\/www.clinique-med.com\/fr\/#\/schema\/person\/9ad463e520e578c17ad550e4ce8eb15b"},"headline":"P\u00f4les d&rsquo;activit\u00e9s","datePublished":"2022-12-26T16:30:24+00:00","dateModified":"2023-05-08T11:01:14+00:00","mainEntityOfPage":{"@id":"https:\/\/www.clinique-med.com\/fr\/poles-dactivites\/"},"wordCount":499,"publisher":{"@id":"https:\/\/www.clinique-med.com\/fr\/#organization"},"image":{"@id":"https:\/\/www.clinique-med.com\/fr\/poles-dactivites\/#primaryimage"},"thumbnailUrl":"https:\/\/www.clinique-med.com\/wp-content\/uploads\/2022\/11\/mere-et-enfant.png","inLanguage":"fr-FR"},{"@type":"WebPage","@id":"https:\/\/www.clinique-med.com\/fr\/poles-dactivites\/","url":"https:\/\/www.clinique-med.com\/fr\/poles-dactivites\/","name":"P\u00f4les d'activit\u00e9s - Clinique M\u00e9diterran\u00e9enne","isPartOf":{"@id":"https:\/\/www.clinique-med.com\/fr\/#website"},"primaryImageOfPage":{"@id":"https:\/\/www.clinique-med.com\/fr\/poles-dactivites\/#primaryimage"},"image":{"@id":"https:\/\/www.clinique-med.com\/fr\/poles-dactivites\/#primaryimage"},"thumbnailUrl":"https:\/\/www.clinique-med.com\/wp-content\/uploads\/2022\/11\/mere-et-enfant.png","datePublished":"2022-12-26T16:30:24+00:00","dateModified":"2023-05-08T11:01:14+00:00","description":"P\u00f4les d'activit\u00e9s clinique M\u00e9diterran\u00e9enne, P\u00f4le M\u00e8re et enfant, P\u00f4le d\u2019Oncologie, P\u00f4le de l'orthop\u00e9die, P\u00f4le de l'Urologie, P\u00f4le d'urgence","breadcrumb":{"@id":"https:\/\/www.clinique-med.com\/fr\/poles-dactivites\/#breadcrumb"},"inLanguage":"fr-FR","potentialAction":[{"@type":"ReadAction","target":["https:\/\/www.clinique-med.com\/fr\/poles-dactivites\/"]}]},{"@type":"ImageObject","inLanguage":"fr-FR","@id":"https:\/\/www.clinique-med.com\/fr\/poles-dactivites\/#primaryimage","url":"https:\/\/www.clinique-med.com\/wp-content\/uploads\/2022\/11\/mere-et-enfant.png","contentUrl":"https:\/\/www.clinique-med.com\/wp-content\/uploads\/2022\/11\/mere-et-enfant.png"},{"@type":"BreadcrumbList","@id":"https:\/\/www.clinique-med.com\/fr\/poles-dactivites\/#breadcrumb","itemListElement":[{"@type":"ListItem","position":1,"name":"Accueil","item":"https:\/\/www.clinique-med.com\/fr\/"},{"@type":"ListItem","position":2,"name":"P\u00f4les d&#8217;activit\u00e9s"}]},{"@type":"WebSite","@id":"https:\/\/www.clinique-med.com\/fr\/#website","url":"https:\/\/www.clinique-med.com\/fr\/","name":"Clinique M\u00e9diterran\u00e9enne","description":"clinique M\u00e9diterran\u00e9enne, Centres d&#039;explorations, Cardiologie, Oncologie, P\u00e9diatrie, Gyn\u00e9cologie &amp; Obst\u00e9trique, Chirurgie Orthop\u00e9dique et proth\u00e9tique, Chirurgie Urologique et r\u00e9nale, Chirurgie visc\u00e9rale &amp; Digestive, dialyse","publisher":{"@id":"https:\/\/www.clinique-med.com\/fr\/#organization"},"alternateName":"La clinique M\u00e9diterran\u00e9enne","potentialAction":[{"@type":"SearchAction","target":{"@type":"EntryPoint","urlTemplate":"https:\/\/www.clinique-med.com\/fr\/?s={search_term_string}"},"query-input":{"@type":"PropertyValueSpecification","valueRequired":true,"valueName":"search_term_string"}}],"inLanguage":"fr-FR"},{"@type":"Organization","@id":"https:\/\/www.clinique-med.com\/fr\/#organization","name":"La clinique M\u00e9diterran\u00e9enne","alternateName":"La clinique M\u00e9diterran\u00e9enne","url":"https:\/\/www.clinique-med.com\/fr\/","logo":{"@type":"ImageObject","inLanguage":"fr-FR","@id":"https:\/\/www.clinique-med.com\/fr\/#\/schema\/logo\/image\/","url":"https:\/\/www.clinique-med.com\/wp-content\/uploads\/2022\/12\/logo-v3-1.png","contentUrl":"https:\/\/www.clinique-med.com\/wp-content\/uploads\/2022\/12\/logo-v3-1.png","width":306,"height":120,"caption":"La clinique M\u00e9diterran\u00e9enne"},"image":{"@id":"https:\/\/www.clinique-med.com\/fr\/#\/schema\/logo\/image\/"},"sameAs":["https:\/\/www.facebook.com\/cliniquemed","https:\/\/x.com\/cliniquemed","https:\/\/www.linkedin.com\/company\/cliniquemed\/","https:\/\/www.instagram.com\/clinique_med\/","https:\/\/www.youtube.com\/channel\/UCBWCZs88eg_AZRdhLyCK9Tw"]},{"@type":"Person","@id":"https:\/\/www.clinique-med.com\/fr\/#\/schema\/person\/9ad463e520e578c17ad550e4ce8eb15b","name":"cli_adm_log","image":{"@type":"ImageObject","inLanguage":"fr-FR","@id":"https:\/\/www.clinique-med.com\/fr\/#\/schema\/person\/image\/","url":"https:\/\/secure.gravatar.com\/avatar\/2d88266096ce4a3dd547cee507edf92948258620fd10fa7d0a589337edd24ba9?s=96&d=mm&r=g","contentUrl":"https:\/\/secure.gravatar.com\/avatar\/2d88266096ce4a3dd547cee507edf92948258620fd10fa7d0a589337edd24ba9?s=96&d=mm&r=g","caption":"cli_adm_log"},"sameAs":["http:\/\/gngvusw.cluster028.hosting.ovh.net"],"url":"https:\/\/www.clinique-med.com\/fr\/author\/cli_adm_log\/"}]}},"_links":{"self":[{"href":"https:\/\/www.clinique-med.com\/fr\/wp-json\/wp\/v2\/pages\/1968","targetHints":{"allow":["GET"]}}],"collection":[{"href":"https:\/\/www.clinique-med.com\/fr\/wp-json\/wp\/v2\/pages"}],"about":[{"href":"https:\/\/www.clinique-med.com\/fr\/wp-json\/wp\/v2\/types\/page"}],"author":[{"embeddable":true,"href":"https:\/\/www.clinique-med.com\/fr\/wp-json\/wp\/v2\/users\/1"}],"replies":[{"embeddable":true,"href":"https:\/\/www.clinique-med.com\/fr\/wp-json\/wp\/v2\/comments?post=1968"}],"version-history":[{"count":39,"href":"https:\/\/www.clinique-med.com\/fr\/wp-json\/wp\/v2\/pages\/1968\/revisions"}],"predecessor-version":[{"id":3931,"href":"https:\/\/www.clinique-med.com\/fr\/wp-json\/wp\/v2\/pages\/1968\/revisions\/3931"}],"wp:attachment":[{"href":"https:\/\/www.clinique-med.com\/fr\/wp-json\/wp\/v2\/media?parent=1968"}],"curies":[{"name":"wp","href":"https:\/\/api.w.org\/{rel}","templated":true}]}}