{"id":8880,"date":"2024-01-19T16:16:01","date_gmt":"2024-01-19T15:16:01","guid":{"rendered":"https:\/\/www.clinique-med.com\/medical-specialities\/oncology\/oncologie-pediatrique\/"},"modified":"2025-04-30T19:40:55","modified_gmt":"2025-04-30T17:40:55","slug":"paediatric-oncology","status":"publish","type":"page","link":"https:\/\/www.clinique-med.com\/en\/medical-specialities\/oncology\/paediatric-oncology\/","title":{"rendered":"Paediatric oncology"},"content":{"rendered":"\t\t<div data-elementor-type=\"wp-page\" data-elementor-id=\"8880\" class=\"elementor elementor-8880 elementor-7467\">\n\t\t\t\t\t\t<section class=\"elementor-section elementor-top-section elementor-element elementor-element-3aecc078 elementor-section-boxed elementor-section-height-default elementor-section-height-default\" data-id=\"3aecc078\" data-element_type=\"section\" data-e-type=\"section\">\r\n\t\t\t\t\t\t<div class=\"elementor-container elementor-column-gap-thegem\"><div class=\"elementor-row\">\r\n\t\t\t\t\t<div class=\"elementor-column elementor-col-100 elementor-top-column elementor-element elementor-element-52c8077d\" data-id=\"52c8077d\" data-element_type=\"column\" data-e-type=\"column\">\n\t\t\t<div class=\"elementor-widget-wrap elementor-element-populated\">\n\t\t\t\t\t\t<section class=\"elementor-section elementor-inner-section elementor-element elementor-element-268528e5 elementor-section-boxed elementor-section-height-default elementor-section-height-default\" data-id=\"268528e5\" data-element_type=\"section\" data-e-type=\"section\">\r\n\t\t\t\t\t\t<div class=\"elementor-container elementor-column-gap-thegem\"><div class=\"elementor-row\">\r\n\t\t\t\t\t<div class=\"elementor-column elementor-col-50 elementor-inner-column elementor-element elementor-element-14ba2f00\" data-id=\"14ba2f00\" data-element_type=\"column\" data-e-type=\"column\">\n\t\t\t<div class=\"elementor-widget-wrap elementor-element-populated\">\n\t\t\t\t\t\t<div class=\"elementor-element elementor-element-3841550a flex-horizontal-align-default flex-horizontal-align-tablet-default flex-horizontal-align-mobile-default flex-vertical-align-default flex-vertical-align-tablet-default flex-vertical-align-mobile-default elementor-widget elementor-widget-text-editor\" data-id=\"3841550a\" data-element_type=\"widget\" data-e-type=\"widget\" data-widget_type=\"text-editor.default\">\n\t\t\t\t<div class=\"elementor-widget-container\">\n\t\t\t\t\t\t\t\t\t\t\t\t<div class=\"elementor-text-editor elementor-clearfix\">\r\n\t\t\t\t\t\t<p>Paediatric oncology is a branch of medicine that focuses on the diagnosis and treatment of childhood <a href=\"https:\/\/www.clinique-med.com\/en\/medical-specialities\/oncology\/\">cancers<\/a>. In recent years, there have been significant advances in the field of paediatric oncology that have significantly improved the survival rates of <a href=\"https:\/\/www.clinique-med.com\/en\/medical-specialities\/paediatrics\/\">children<\/a> with <a href=\"https:\/\/www.clinique-med.com\/en\/activity-centres\/oncology-centre\/\">cancer<\/a>. However, it remains a serious disease that continues to affect a large number of children each year.<\/p><h2>TYPES OF PAEDIATRIC CANCER<\/h2><p>There are several types of paediatric cancer, the most common being leukaemia, brain tumours, lymphomas and neuroblastomas. These cancers can affect different parts of the body and require specific treatments depending on their location.<\/p><h2>SYMPTOMS<\/h2><p>The symptoms of paediatric cancer are often similar to those of common childhood illnesses, which can make diagnosis difficult. However, some signs may alert parents and healthcare professionals, such as unexplained weight loss, persistent pain, prolonged fever or abnormal bleeding.<\/p><h2>DIAGNOSIS<\/h2><p>Diagnosing paediatric cancer usually involves a physical examination, blood and urine tests, and imaging tests such as X-rays, scans or MRIs. In some cases, a biopsy may be needed to confirm the type of cancer.<\/p>\t\t\t\t\t\t\t<\/div>\r\n\t\t\t\t\t\t\t\t\t\t<\/div>\n\t\t\t\t<\/div>\n\t\t\t\t\t<\/div>\n\t\t<\/div>\n\t\t\t\t<div class=\"elementor-column elementor-col-50 elementor-inner-column elementor-element elementor-element-5469afe0\" data-id=\"5469afe0\" data-element_type=\"column\" data-e-type=\"column\">\n\t\t\t<div class=\"elementor-widget-wrap elementor-element-populated\">\n\t\t\t\t\t\t<div class=\"elementor-element elementor-element-228685c3 flex-horizontal-align-default flex-horizontal-align-tablet-default flex-horizontal-align-mobile-default flex-vertical-align-default flex-vertical-align-tablet-default flex-vertical-align-mobile-default elementor-widget elementor-widget-image\" data-id=\"228685c3\" data-element_type=\"widget\" data-e-type=\"widget\" data-widget_type=\"image.default\">\n\t\t\t\t<div class=\"elementor-widget-container\">\n\t\t\t\t\t\t\t\t\t\t\t\t\t\t\t<img fetchpriority=\"high\" width=\"600\" height=\"900\" src=\"https:\/\/www.clinique-med.com\/wp-content\/uploads\/2024\/01\/onco-pedia-1.jpg\" class=\"attachment-large size-large wp-image-8171\" alt=\"\" srcset=\"https:\/\/www.clinique-med.com\/wp-content\/uploads\/2024\/01\/onco-pedia-1.jpg 600w, https:\/\/www.clinique-med.com\/wp-content\/uploads\/2024\/01\/onco-pedia-1-200x300.jpg 200w\" sizes=\"(max-width: 600px) 100vw, 600px\" \/>\t\t\t\t\t\t\t\t\t\t\t\t\t\t\t<\/div>\n\t\t\t\t<\/div>\n\t\t\t\t\t<\/div>\n\t\t<\/div>\n\t\t\t\t\t<\/div><\/div>\r\n\t\t<\/section>\r\n\t\t\t\t<section class=\"elementor-section elementor-inner-section elementor-element elementor-element-5a3e8dbd elementor-section-boxed elementor-section-height-default elementor-section-height-default\" data-id=\"5a3e8dbd\" data-element_type=\"section\" data-e-type=\"section\">\r\n\t\t\t\t\t\t<div class=\"elementor-container elementor-column-gap-thegem\"><div class=\"elementor-row\">\r\n\t\t\t\t\t<div class=\"elementor-column elementor-col-50 elementor-inner-column elementor-element elementor-element-418fefe4\" data-id=\"418fefe4\" data-element_type=\"column\" data-e-type=\"column\">\n\t\t\t<div class=\"elementor-widget-wrap elementor-element-populated\">\n\t\t\t\t\t\t<div class=\"elementor-element elementor-element-ca2efa flex-horizontal-align-default flex-horizontal-align-tablet-default flex-horizontal-align-mobile-default flex-vertical-align-default flex-vertical-align-tablet-default flex-vertical-align-mobile-default elementor-widget elementor-widget-image\" data-id=\"ca2efa\" data-element_type=\"widget\" data-e-type=\"widget\" data-widget_type=\"image.default\">\n\t\t\t\t<div class=\"elementor-widget-container\">\n\t\t\t\t\t\t\t\t\t\t\t\t\t\t\t<img width=\"600\" height=\"900\" src=\"https:\/\/www.clinique-med.com\/wp-content\/uploads\/2024\/01\/onco-pedia-3.jpg\" class=\"attachment-large size-large wp-image-8172\" alt=\"\" srcset=\"https:\/\/www.clinique-med.com\/wp-content\/uploads\/2024\/01\/onco-pedia-3.jpg 600w, https:\/\/www.clinique-med.com\/wp-content\/uploads\/2024\/01\/onco-pedia-3-200x300.jpg 200w\" sizes=\"(max-width: 600px) 100vw, 600px\" loading=\"lazy\" \/>\t\t\t\t\t\t\t\t\t\t\t\t\t\t\t<\/div>\n\t\t\t\t<\/div>\n\t\t\t\t\t<\/div>\n\t\t<\/div>\n\t\t\t\t<div class=\"elementor-column elementor-col-50 elementor-inner-column elementor-element elementor-element-5c8281ad\" data-id=\"5c8281ad\" data-element_type=\"column\" data-e-type=\"column\">\n\t\t\t<div class=\"elementor-widget-wrap elementor-element-populated\">\n\t\t\t\t\t\t<div class=\"elementor-element elementor-element-76fa501 flex-horizontal-align-default flex-horizontal-align-tablet-default flex-horizontal-align-mobile-default flex-vertical-align-default flex-vertical-align-tablet-default flex-vertical-align-mobile-default elementor-widget elementor-widget-text-editor\" data-id=\"76fa501\" data-element_type=\"widget\" data-e-type=\"widget\" data-widget_type=\"text-editor.default\">\n\t\t\t\t<div class=\"elementor-widget-container\">\n\t\t\t\t\t\t\t\t\t\t\t\t<div class=\"elementor-text-editor elementor-clearfix\">\r\n\t\t\t\t\t\t<h2>TREATMENT<\/h2><p>Treatment for paediatric cancer depends on the type, location and stage of the cancer. Treatment options include <a href=\"https:\/\/www.clinique-med.com\/en\/activity-centres\/oncology-centre\/chemotherapy\/\">chemotherapy<\/a>, radiotherapy, surgery and <a href=\"https:\/\/en.wikipedia.org\/wiki\/Immunotherapy\" target=\"_blank\" rel=\"noopener\">immunotherapy<\/a>. In some cases, a combination of these treatments may be used to improve the chances of recovery.<\/p><h2>SECONDARY SIDE EFFECTS<\/h2><p>Cancer treatments can cause side effects in children, such as hair loss, nausea and vomiting, tiredness and loss of appetite. Healthcare professionals work to minimise these side effects through supportive treatments, such as antiemetics and complementary therapies.<\/p><h2>FOLLOW-UP AFTER TREATMENT<\/h2><p>After treatment, children with cancer should be followed regularly by a healthcare team to monitor their health and detect any recurrence or complications. Physical examinations, blood tests, imaging tests and consultations with the doctor are usually carried out at regular intervals.<\/p><h2>EMOTIONAL SUPPORT<\/h2><p>Paediatric cancer can be a traumatic experience for children and their families. It is important to provide emotional and psychological support throughout the treatment process. Support services may include individual or family therapy and support groups for children and parents.<\/p>\t\t\t\t\t\t\t<\/div>\r\n\t\t\t\t\t\t\t\t\t\t<\/div>\n\t\t\t\t<\/div>\n\t\t\t\t\t<\/div>\n\t\t<\/div>\n\t\t\t\t\t<\/div><\/div>\r\n\t\t<\/section>\r\n\t\t\t\t\t<\/div>\n\t\t<\/div>\n\t\t\t\t\t<\/div><\/div>\r\n\t\t<\/section>\r\n\t\t\t\t<section class=\"elementor-section elementor-top-section elementor-element elementor-element-545e9af elementor-section-boxed elementor-section-height-default elementor-section-height-default\" data-id=\"545e9af\" data-element_type=\"section\" data-e-type=\"section\">\r\n\t\t\t\t\t\t<div class=\"elementor-container elementor-column-gap-thegem\"><div class=\"elementor-row\">\r\n\t\t\t\t\t<div class=\"elementor-column elementor-col-100 elementor-top-column elementor-element elementor-element-68c160a\" data-id=\"68c160a\" data-element_type=\"column\" data-e-type=\"column\">\n\t\t\t<div class=\"elementor-widget-wrap elementor-element-populated\">\n\t\t\t\t\t\t<section class=\"elementor-section elementor-inner-section elementor-element elementor-element-ad90cd2 elementor-section-boxed elementor-section-height-default elementor-section-height-default\" data-id=\"ad90cd2\" data-element_type=\"section\" data-e-type=\"section\">\r\n\t\t\t\t\t\t<div class=\"elementor-container elementor-column-gap-thegem\"><div class=\"elementor-row\">\r\n\t\t\t\t\t<div class=\"elementor-column elementor-col-50 elementor-inner-column elementor-element elementor-element-17f761a\" data-id=\"17f761a\" data-element_type=\"column\" data-e-type=\"column\">\n\t\t\t<div class=\"elementor-widget-wrap elementor-element-populated\">\n\t\t\t\t\t\t<div class=\"elementor-element elementor-element-02bbe10 flex-horizontal-align-default flex-horizontal-align-tablet-default flex-horizontal-align-mobile-default flex-vertical-align-default flex-vertical-align-tablet-default flex-vertical-align-mobile-default elementor-widget elementor-widget-text-editor\" data-id=\"02bbe10\" data-element_type=\"widget\" data-e-type=\"widget\" data-widget_type=\"text-editor.default\">\n\t\t\t\t<div class=\"elementor-widget-container\">\n\t\t\t\t\t\t\t\t\t\t\t\t<div class=\"elementor-text-editor elementor-clearfix\">\r\n\t\t\t\t\t\t<h2>PREVENTION<\/h2><p>Although there is no way to completely prevent paediatric cancer, some things can be done to reduce the risk. These include adopting a healthy lifestyle with a balanced diet and regular physical activity, and avoiding risk factors such as passive smoking and exposure to toxic substances.<\/p><h2>SENSITISATION<\/h2><p>Raising awareness of paediatric cancer is essential to raise funds and support research into new treatments and cures for children with cancer. Events such as walks, concerts and fundraisers are often organised to raise awareness and funds for this important cause.<\/p><h3>Conclusion<\/h3><p>Pediatric cancer (take in charge in our Paediatric oncology department) is a serious illness that requires specialized medical care and emotional support for children and their families.<\/p><p>With continued advances in research and treatments, there is hope for a better future for children with cancer. It is important to raise awareness and offer means of prevention in order to reduce the risks for future generations. Together, we can make a difference in the lives of these children and their families by supporting them throughout their journey.<\/p><p>It is also essential to continue to raise awareness and fund research to find more effective treatments and a complete cure for all children with cancer. By working together, we can help bring about positive change and ensure that every child has the chance to grow up healthy and happy.<\/p><p>Let us never forget children with cancer and continue to do everything we can to support them. Together we can beat pediatric cancer. As a society, we must also continue to address the potential causes of this disease and promote healthy lifestyles for our children.<\/p><p>We can all be part of the change by being informed and participating in initiatives and events to support research and children with cancer.<\/p><p>Together, we can make a difference in the lives of these children and give them a future full of hope.<\/p>\t\t\t\t\t\t\t<\/div>\r\n\t\t\t\t\t\t\t\t\t\t<\/div>\n\t\t\t\t<\/div>\n\t\t\t\t\t<\/div>\n\t\t<\/div>\n\t\t\t\t<div class=\"elementor-column elementor-col-50 elementor-inner-column elementor-element elementor-element-25ca816\" data-id=\"25ca816\" data-element_type=\"column\" data-e-type=\"column\">\n\t\t\t<div class=\"elementor-widget-wrap elementor-element-populated\">\n\t\t\t\t\t\t<div class=\"elementor-element elementor-element-4f7cbcd flex-horizontal-align-default flex-horizontal-align-tablet-default flex-horizontal-align-mobile-default flex-vertical-align-default flex-vertical-align-tablet-default flex-vertical-align-mobile-default elementor-widget elementor-widget-image\" data-id=\"4f7cbcd\" data-element_type=\"widget\" data-e-type=\"widget\" data-widget_type=\"image.default\">\n\t\t\t\t<div class=\"elementor-widget-container\">\n\t\t\t\t\t\t\t\t\t\t\t\t\t\t\t<img width=\"600\" height=\"900\" src=\"https:\/\/www.clinique-med.com\/wp-content\/uploads\/2024\/01\/onco-pedia-2.jpg\" class=\"attachment-large size-large wp-image-8173\" alt=\"\" srcset=\"https:\/\/www.clinique-med.com\/wp-content\/uploads\/2024\/01\/onco-pedia-2.jpg 600w, https:\/\/www.clinique-med.com\/wp-content\/uploads\/2024\/01\/onco-pedia-2-200x300.jpg 200w\" sizes=\"(max-width: 600px) 100vw, 600px\" loading=\"lazy\" \/>\t\t\t\t\t\t\t\t\t\t\t\t\t\t\t<\/div>\n\t\t\t\t<\/div>\n\t\t\t\t\t<\/div>\n\t\t<\/div>\n\t\t\t\t\t<\/div><\/div>\r\n\t\t<\/section>\r\n\t\t\t\t\t<\/div>\n\t\t<\/div>\n\t\t\t\t\t<\/div><\/div>\r\n\t\t<\/section>\r\n\t\t\t\t<\/div>\n\t\t","protected":false},"excerpt":{"rendered":"<p>Paediatric oncology is a branch of medicine that focuses on the diagnosis and treatment of childhood cancers. In recent years,&#8230;<\/p>\n","protected":false},"author":1,"featured_media":0,"parent":8551,"menu_order":0,"comment_status":"closed","ping_status":"closed","template":"page-fullwidth.php","meta":{"footnotes":""},"class_list":["post-8880","page","type-page","status-publish"],"yoast_head":"<!-- This site is optimized with the Yoast SEO plugin v27.0 - https:\/\/yoast.com\/product\/yoast-seo-wordpress\/ -->\n<title>Paediatric oncology - Clinique M\u00e9diterran\u00e9enne<\/title>\n<meta name=\"description\" content=\"Paediatric oncology, is a branch of medicine that focuses on the diagnosis and treatment of cancers in children.\" \/>\n<meta name=\"robots\" content=\"index, follow, max-snippet:-1, max-image-preview:large, max-video-preview:-1\" \/>\n<link rel=\"canonical\" href=\"https:\/\/www.clinique-med.com\/en\/medical-specialities\/oncology\/paediatric-oncology\/\" \/>\n<meta property=\"og:locale\" content=\"en_US\" \/>\n<meta property=\"og:type\" content=\"article\" \/>\n<meta property=\"og:title\" content=\"Paediatric oncology\" \/>\n<meta property=\"og:description\" content=\"Paediatric oncology, is a branch of medicine that focuses on the diagnosis and treatment of cancers in children.\" \/>\n<meta property=\"og:url\" content=\"https:\/\/www.clinique-med.com\/en\/medical-specialities\/oncology\/paediatric-oncology\/\" \/>\n<meta property=\"og:site_name\" content=\"Clinique M\u00e9diterran\u00e9enne\" \/>\n<meta property=\"article:publisher\" content=\"https:\/\/www.facebook.com\/cliniquemed\" \/>\n<meta property=\"article:modified_time\" content=\"2025-04-30T17:40:55+00:00\" \/>\n<meta property=\"og:image\" content=\"https:\/\/www.clinique-med.com\/wp-content\/uploads\/2024\/01\/onco-pedia-3.jpg\" \/>\n\t<meta property=\"og:image:width\" content=\"600\" \/>\n\t<meta property=\"og:image:height\" content=\"900\" \/>\n\t<meta property=\"og:image:type\" content=\"image\/jpeg\" \/>\n<meta name=\"twitter:card\" content=\"summary_large_image\" \/>\n<meta name=\"twitter:title\" content=\"Paediatric oncology\" \/>\n<meta name=\"twitter:description\" content=\"Paediatric oncology, is a branch of medicine that focuses on the diagnosis and treatment of cancers in children.\" \/>\n<meta name=\"twitter:image\" content=\"https:\/\/www.clinique-med.com\/wp-content\/uploads\/2024\/01\/onco-pedia-3.jpg\" \/>\n<meta name=\"twitter:site\" content=\"@cliniquemed\" \/>\n<meta name=\"twitter:label1\" content=\"Est. reading time\" \/>\n\t<meta name=\"twitter:data1\" content=\"4 minutes\" \/>\n<!-- \/ Yoast SEO plugin. -->","yoast_head_json":{"title":"Paediatric oncology - Clinique M\u00e9diterran\u00e9enne","description":"Paediatric oncology, is a branch of medicine that focuses on the diagnosis and treatment of cancers in children.","robots":{"index":"index","follow":"follow","max-snippet":"max-snippet:-1","max-image-preview":"max-image-preview:large","max-video-preview":"max-video-preview:-1"},"canonical":"https:\/\/www.clinique-med.com\/en\/medical-specialities\/oncology\/paediatric-oncology\/","og_locale":"en_US","og_type":"article","og_title":"Paediatric oncology","og_description":"Paediatric oncology, is a branch of medicine that focuses on the diagnosis and treatment of cancers in children.","og_url":"https:\/\/www.clinique-med.com\/en\/medical-specialities\/oncology\/paediatric-oncology\/","og_site_name":"Clinique M\u00e9diterran\u00e9enne","article_publisher":"https:\/\/www.facebook.com\/cliniquemed","article_modified_time":"2025-04-30T17:40:55+00:00","og_image":[{"width":600,"height":900,"url":"https:\/\/www.clinique-med.com\/wp-content\/uploads\/2024\/01\/onco-pedia-3.jpg","type":"image\/jpeg"}],"twitter_card":"summary_large_image","twitter_title":"Paediatric oncology","twitter_description":"Paediatric oncology, is a branch of medicine that focuses on the diagnosis and treatment of cancers in children.","twitter_image":"https:\/\/www.clinique-med.com\/wp-content\/uploads\/2024\/01\/onco-pedia-3.jpg","twitter_site":"@cliniquemed","twitter_misc":{"Est. reading time":"4 minutes"},"schema":{"@context":"https:\/\/schema.org","@graph":[{"@type":"Article","@id":"https:\/\/www.clinique-med.com\/en\/medical-specialities\/oncology\/paediatric-oncology\/#article","isPartOf":{"@id":"https:\/\/www.clinique-med.com\/en\/medical-specialities\/oncology\/paediatric-oncology\/"},"author":{"name":"cli_adm_log","@id":"https:\/\/www.clinique-med.com\/en\/#\/schema\/person\/9ad463e520e578c17ad550e4ce8eb15b"},"headline":"Paediatric oncology","datePublished":"2024-01-19T15:16:01+00:00","dateModified":"2025-04-30T17:40:55+00:00","mainEntityOfPage":{"@id":"https:\/\/www.clinique-med.com\/en\/medical-specialities\/oncology\/paediatric-oncology\/"},"wordCount":657,"publisher":{"@id":"https:\/\/www.clinique-med.com\/en\/#organization"},"image":{"@id":"https:\/\/www.clinique-med.com\/en\/medical-specialities\/oncology\/paediatric-oncology\/#primaryimage"},"thumbnailUrl":"https:\/\/www.clinique-med.com\/wp-content\/uploads\/2024\/01\/onco-pedia-1.jpg","inLanguage":"en-US"},{"@type":"WebPage","@id":"https:\/\/www.clinique-med.com\/en\/medical-specialities\/oncology\/paediatric-oncology\/","url":"https:\/\/www.clinique-med.com\/en\/medical-specialities\/oncology\/paediatric-oncology\/","name":"Paediatric oncology - Clinique M\u00e9diterran\u00e9enne","isPartOf":{"@id":"https:\/\/www.clinique-med.com\/en\/#website"},"primaryImageOfPage":{"@id":"https:\/\/www.clinique-med.com\/en\/medical-specialities\/oncology\/paediatric-oncology\/#primaryimage"},"image":{"@id":"https:\/\/www.clinique-med.com\/en\/medical-specialities\/oncology\/paediatric-oncology\/#primaryimage"},"thumbnailUrl":"https:\/\/www.clinique-med.com\/wp-content\/uploads\/2024\/01\/onco-pedia-1.jpg","datePublished":"2024-01-19T15:16:01+00:00","dateModified":"2025-04-30T17:40:55+00:00","description":"Paediatric oncology, is a branch of medicine that focuses on the diagnosis and treatment of cancers in children.","breadcrumb":{"@id":"https:\/\/www.clinique-med.com\/en\/medical-specialities\/oncology\/paediatric-oncology\/#breadcrumb"},"inLanguage":"en-US","potentialAction":[{"@type":"ReadAction","target":["https:\/\/www.clinique-med.com\/en\/medical-specialities\/oncology\/paediatric-oncology\/"]}]},{"@type":"ImageObject","inLanguage":"en-US","@id":"https:\/\/www.clinique-med.com\/en\/medical-specialities\/oncology\/paediatric-oncology\/#primaryimage","url":"https:\/\/www.clinique-med.com\/wp-content\/uploads\/2024\/01\/onco-pedia-1.jpg","contentUrl":"https:\/\/www.clinique-med.com\/wp-content\/uploads\/2024\/01\/onco-pedia-1.jpg"},{"@type":"BreadcrumbList","@id":"https:\/\/www.clinique-med.com\/en\/medical-specialities\/oncology\/paediatric-oncology\/#breadcrumb","itemListElement":[{"@type":"ListItem","position":1,"name":"Accueil","item":"https:\/\/www.clinique-med.com\/en\/"},{"@type":"ListItem","position":2,"name":"Medical specialities","item":"https:\/\/www.clinique-med.com\/en\/medical-specialities\/"},{"@type":"ListItem","position":3,"name":"Oncology","item":"https:\/\/www.clinique-med.com\/en\/medical-specialities\/oncology\/"},{"@type":"ListItem","position":4,"name":"Paediatric oncology"}]},{"@type":"WebSite","@id":"https:\/\/www.clinique-med.com\/en\/#website","url":"https:\/\/www.clinique-med.com\/en\/","name":"Clinique M\u00e9diterran\u00e9enne","description":"clinique M\u00e9diterran\u00e9enne, Centres d&#039;explorations, Cardiologie, Oncologie, P\u00e9diatrie, Gyn\u00e9cologie &amp; Obst\u00e9trique, Chirurgie Orthop\u00e9dique et proth\u00e9tique, Chirurgie Urologique et r\u00e9nale, Chirurgie visc\u00e9rale &amp; Digestive, dialyse","publisher":{"@id":"https:\/\/www.clinique-med.com\/en\/#organization"},"alternateName":"La clinique M\u00e9diterran\u00e9enne","potentialAction":[{"@type":"SearchAction","target":{"@type":"EntryPoint","urlTemplate":"https:\/\/www.clinique-med.com\/en\/?s={search_term_string}"},"query-input":{"@type":"PropertyValueSpecification","valueRequired":true,"valueName":"search_term_string"}}],"inLanguage":"en-US"},{"@type":"Organization","@id":"https:\/\/www.clinique-med.com\/en\/#organization","name":"La clinique M\u00e9diterran\u00e9enne","alternateName":"La clinique M\u00e9diterran\u00e9enne","url":"https:\/\/www.clinique-med.com\/en\/","logo":{"@type":"ImageObject","inLanguage":"en-US","@id":"https:\/\/www.clinique-med.com\/en\/#\/schema\/logo\/image\/","url":"https:\/\/www.clinique-med.com\/wp-content\/uploads\/2022\/12\/logo-v3-1.png","contentUrl":"https:\/\/www.clinique-med.com\/wp-content\/uploads\/2022\/12\/logo-v3-1.png","width":306,"height":120,"caption":"La clinique M\u00e9diterran\u00e9enne"},"image":{"@id":"https:\/\/www.clinique-med.com\/en\/#\/schema\/logo\/image\/"},"sameAs":["https:\/\/www.facebook.com\/cliniquemed","https:\/\/x.com\/cliniquemed","https:\/\/www.linkedin.com\/company\/cliniquemed\/","https:\/\/www.instagram.com\/clinique_med\/","https:\/\/www.youtube.com\/channel\/UCBWCZs88eg_AZRdhLyCK9Tw"]},{"@type":"Person","@id":"https:\/\/www.clinique-med.com\/en\/#\/schema\/person\/9ad463e520e578c17ad550e4ce8eb15b","name":"cli_adm_log","image":{"@type":"ImageObject","inLanguage":"en-US","@id":"https:\/\/www.clinique-med.com\/en\/#\/schema\/person\/image\/","url":"https:\/\/secure.gravatar.com\/avatar\/2d88266096ce4a3dd547cee507edf92948258620fd10fa7d0a589337edd24ba9?s=96&d=mm&r=g","contentUrl":"https:\/\/secure.gravatar.com\/avatar\/2d88266096ce4a3dd547cee507edf92948258620fd10fa7d0a589337edd24ba9?s=96&d=mm&r=g","caption":"cli_adm_log"},"sameAs":["http:\/\/gngvusw.cluster028.hosting.ovh.net"],"url":"https:\/\/www.clinique-med.com\/en\/author\/cli_adm_log\/"}]}},"_links":{"self":[{"href":"https:\/\/www.clinique-med.com\/en\/wp-json\/wp\/v2\/pages\/8880","targetHints":{"allow":["GET"]}}],"collection":[{"href":"https:\/\/www.clinique-med.com\/en\/wp-json\/wp\/v2\/pages"}],"about":[{"href":"https:\/\/www.clinique-med.com\/en\/wp-json\/wp\/v2\/types\/page"}],"author":[{"embeddable":true,"href":"https:\/\/www.clinique-med.com\/en\/wp-json\/wp\/v2\/users\/1"}],"replies":[{"embeddable":true,"href":"https:\/\/www.clinique-med.com\/en\/wp-json\/wp\/v2\/comments?post=8880"}],"version-history":[{"count":12,"href":"https:\/\/www.clinique-med.com\/en\/wp-json\/wp\/v2\/pages\/8880\/revisions"}],"predecessor-version":[{"id":9564,"href":"https:\/\/www.clinique-med.com\/en\/wp-json\/wp\/v2\/pages\/8880\/revisions\/9564"}],"up":[{"embeddable":true,"href":"https:\/\/www.clinique-med.com\/en\/wp-json\/wp\/v2\/pages\/8551"}],"wp:attachment":[{"href":"https:\/\/www.clinique-med.com\/en\/wp-json\/wp\/v2\/media?parent=8880"}],"curies":[{"name":"wp","href":"https:\/\/api.w.org\/{rel}","templated":true}]}}