{"id":8760,"date":"2023-01-25T18:13:00","date_gmt":"2023-01-25T17:13:00","guid":{"rendered":"https:\/\/www.clinique-med.com\/check-up\/"},"modified":"2025-03-15T18:13:06","modified_gmt":"2025-03-15T17:13:06","slug":"check-up","status":"publish","type":"page","link":"https:\/\/www.clinique-med.com\/en\/check-up\/","title":{"rendered":"Check-up"},"content":{"rendered":"\t\t<div data-elementor-type=\"wp-page\" data-elementor-id=\"8760\" class=\"elementor elementor-8760 elementor-2984\">\n\t\t\t\t\t\t<section class=\"elementor-section elementor-top-section elementor-element elementor-element-487bfbf9 elementor-section-full_width elementor-section-height-default elementor-section-height-default\" data-id=\"487bfbf9\" data-element_type=\"section\" data-e-type=\"section\">\r\n\t\t\t\t\t\t<div class=\"elementor-container elementor-column-gap-no\"><div class=\"elementor-row\">\r\n\t\t\t\t\t<div class=\"elementor-column elementor-col-100 elementor-top-column elementor-element elementor-element-194a57b5\" data-id=\"194a57b5\" data-element_type=\"column\" data-e-type=\"column\">\n\t\t\t<div class=\"elementor-widget-wrap elementor-element-populated\">\n\t\t\t\t\t\t<section class=\"elementor-section elementor-inner-section elementor-element elementor-element-1b98d2b8 elementor-section-content-middle elementor-section-boxed elementor-section-height-default elementor-section-height-default\" data-id=\"1b98d2b8\" data-element_type=\"section\" data-e-type=\"section\">\r\n\t\t\t\t\t\t<div class=\"elementor-container elementor-column-gap-thegem\"><div class=\"elementor-row\">\r\n\t\t\t\t\t<div class=\"elementor-column elementor-col-50 elementor-inner-column elementor-element elementor-element-5c708d38\" data-id=\"5c708d38\" data-element_type=\"column\" data-e-type=\"column\">\n\t\t\t<div class=\"elementor-widget-wrap elementor-element-populated\">\n\t\t\t\t\t\t<div class=\"elementor-element elementor-element-3e03911b flex-horizontal-align-default flex-horizontal-align-tablet-default flex-horizontal-align-mobile-default flex-vertical-align-default flex-vertical-align-tablet-default flex-vertical-align-mobile-default elementor-widget elementor-widget-text-editor\" data-id=\"3e03911b\" data-element_type=\"widget\" data-e-type=\"widget\" data-widget_type=\"text-editor.default\">\n\t\t\t\t<div class=\"elementor-widget-container\">\n\t\t\t\t\t\t\t\t\t\t\t\t<div class=\"elementor-text-editor elementor-clearfix\">\r\n\t\t\t\t\t\t<div class=\"title-h2\">MEDICAL CHECK-UP : <span style=\"color: #00bcd4;\">HOW DO I GET A CHECK-UP?<\/span><\/div><div><p>A medical check-up is an important part of maintaining good health. It will help you identify any health problems you may have and allow you to take action before they become more serious.<\/p><p>A health check covers five main areas:<\/p><ol><li>General examination<\/li><li>Blood tests<\/li><li>Physical tests (e.g. <a href=\"https:\/\/en.wikipedia.org\/wiki\/Electrocardiography\" target=\"_blank\" rel=\"noopener\">ECG<\/a>, urinalysis)<\/li><li>Tests for specific conditions (e.g. <a href=\"https:\/\/www.clinique-med.com\/en\/medical-specialities\/endocrinology-and-diabetology\/diabetes\/\">diabetes<\/a>, heart disease)<\/li><li>Screening tests (e.g. for <a href=\"https:\/\/www.clinique-med.com\/en\/surgical-specialities\/cancer-surgery\/\">cancer<\/a> or HIV).<\/li><\/ol><\/div>\t\t\t\t\t\t\t<\/div>\r\n\t\t\t\t\t\t\t\t\t\t<\/div>\n\t\t\t\t<\/div>\n\t\t\t\t\t<\/div>\n\t\t<\/div>\n\t\t\t\t<div class=\"elementor-column elementor-col-50 elementor-inner-column elementor-element elementor-element-6a6c676b\" data-id=\"6a6c676b\" data-element_type=\"column\" data-e-type=\"column\">\n\t\t\t<div class=\"elementor-widget-wrap elementor-element-populated\">\n\t\t\t\t\t\t<div class=\"elementor-element elementor-element-b992387 flex-horizontal-align-default flex-horizontal-align-tablet-default flex-horizontal-align-mobile-default flex-vertical-align-default flex-vertical-align-tablet-default flex-vertical-align-mobile-default elementor-widget elementor-widget-text-editor\" data-id=\"b992387\" data-element_type=\"widget\" data-e-type=\"widget\" data-widget_type=\"text-editor.default\">\n\t\t\t\t<div class=\"elementor-widget-container\">\n\t\t\t\t\t\t\t\t\t\t\t\t<div class=\"elementor-text-editor elementor-clearfix\">\r\n\t\t\t\t\t\t<p>Our clinic offers all patients a complete health examination, also known as a Preventive Health Examination (PHE) or comprehensive check-up. A comprehensive health check-up allows you to take stock of your health at any time.<\/p>\t\t\t\t\t\t\t<\/div>\r\n\t\t\t\t\t\t\t\t\t\t<\/div>\n\t\t\t\t<\/div>\n\t\t\t\t<div class=\"elementor-element elementor-element-84cdd4b flex-horizontal-align-default flex-horizontal-align-tablet-default flex-horizontal-align-mobile-default flex-vertical-align-default flex-vertical-align-tablet-default flex-vertical-align-mobile-default elementor-widget elementor-widget-heading\" data-id=\"84cdd4b\" data-element_type=\"widget\" data-e-type=\"widget\" data-widget_type=\"heading.default\">\n\t\t\t\t<div class=\"elementor-widget-container\">\n\t\t\t\t\t<h2 class=\"elementor-heading-title elementor-size-default\">WHAT IS A HEALTH CHECK?<\/h2>\t\t\t\t<\/div>\n\t\t\t\t<\/div>\n\t\t\t\t<div class=\"elementor-element elementor-element-9fd818e flex-horizontal-align-default flex-horizontal-align-tablet-default flex-horizontal-align-mobile-default flex-vertical-align-default flex-vertical-align-tablet-default flex-vertical-align-mobile-default elementor-widget elementor-widget-text-editor\" data-id=\"9fd818e\" data-element_type=\"widget\" data-e-type=\"widget\" data-widget_type=\"text-editor.default\">\n\t\t\t\t<div class=\"elementor-widget-container\">\n\t\t\t\t\t\t\t\t\t\t\t\t<div class=\"elementor-text-editor elementor-clearfix\">\r\n\t\t\t\t\t\t<p>The Preventive Health Examination (PHE), or comprehensive medical control, allows you to meet with a multidisciplinary team of health professionals and undergo health and screening tests. The frequency depends on a number of factors (age, medical history, addictions, etc.). However, your doctor&#8217;s advice is essential to determine the right frequency for you.<\/p>\t\t\t\t\t\t\t<\/div>\r\n\t\t\t\t\t\t\t\t\t\t<\/div>\n\t\t\t\t<\/div>\n\t\t\t\t\t<\/div>\n\t\t<\/div>\n\t\t\t\t\t<\/div><\/div>\r\n\t\t<\/section>\r\n\t\t\t\t<section class=\"elementor-section elementor-inner-section elementor-element elementor-element-74ea3f62 elementor-section-full_width elementor-section-height-default elementor-section-height-default\" data-id=\"74ea3f62\" data-element_type=\"section\" data-e-type=\"section\" data-settings=\"{&quot;background_background&quot;:&quot;classic&quot;}\">\r\n\t\t\t\t\t\t<div class=\"elementor-container elementor-column-gap-no\"><div class=\"elementor-row\">\r\n\t\t\t\t\t<div class=\"elementor-column elementor-col-50 elementor-inner-column elementor-element elementor-element-70c12838\" data-id=\"70c12838\" data-element_type=\"column\" data-e-type=\"column\" data-settings=\"{&quot;background_background&quot;:&quot;classic&quot;}\">\n\t\t\t<div class=\"elementor-widget-wrap elementor-element-populated\">\n\t\t\t\t\t\t<div class=\"elementor-element elementor-element-50c34616 flex-horizontal-align-default flex-horizontal-align-tablet-default flex-horizontal-align-mobile-default flex-vertical-align-default flex-vertical-align-tablet-default flex-vertical-align-mobile-default elementor-widget elementor-widget-spacer\" data-id=\"50c34616\" data-element_type=\"widget\" data-e-type=\"widget\" data-widget_type=\"spacer.default\">\n\t\t\t\t<div class=\"elementor-widget-container\">\n\t\t\t\t\t\t\t<div class=\"elementor-spacer\">\n\t\t\t<div class=\"elementor-spacer-inner\"><\/div>\n\t\t<\/div>\n\t\t\t\t\t\t<\/div>\n\t\t\t\t<\/div>\n\t\t\t\t\t<\/div>\n\t\t<\/div>\n\t\t\t\t<div class=\"elementor-column elementor-col-50 elementor-inner-column elementor-element elementor-element-4490f7a0\" data-id=\"4490f7a0\" data-element_type=\"column\" data-e-type=\"column\">\n\t\t\t<div class=\"elementor-widget-wrap elementor-element-populated\">\n\t\t\t\t\t\t<div class=\"elementor-element elementor-element-a2d2f3a flex-horizontal-align-default flex-horizontal-align-tablet-default flex-horizontal-align-mobile-default flex-vertical-align-default flex-vertical-align-tablet-default flex-vertical-align-mobile-default elementor-widget elementor-widget-heading\" data-id=\"a2d2f3a\" data-element_type=\"widget\" data-e-type=\"widget\" data-widget_type=\"heading.default\">\n\t\t\t\t<div class=\"elementor-widget-container\">\n\t\t\t\t\t<div class=\"title-h2 elementor-heading-title elementor-size-default\">HOW DOES A CHECK-UP WORK?<\/div>\t\t\t\t<\/div>\n\t\t\t\t<\/div>\n\t\t\t\t<div class=\"elementor-element elementor-element-10066349 flex-horizontal-align-default flex-horizontal-align-tablet-default flex-horizontal-align-mobile-default flex-vertical-align-default flex-vertical-align-tablet-default flex-vertical-align-mobile-default elementor-widget elementor-widget-text-editor\" data-id=\"10066349\" data-element_type=\"widget\" data-e-type=\"widget\" data-widget_type=\"text-editor.default\">\n\t\t\t\t<div class=\"elementor-widget-container\">\n\t\t\t\t\t\t\t\t\t\t\t\t<div class=\"elementor-text-editor elementor-clearfix\">\r\n\t\t\t\t\t\t<p class=\"styled-subtitle\">The check-up takes place at our clinic. The appointment lasts approximately 2 hours and includes a range of analyses and tests depending on the patient&#8217;s profile. Our health service includes:<\/p>\t\t\t\t\t\t\t<\/div>\r\n\t\t\t\t\t\t\t\t\t\t<\/div>\n\t\t\t\t<\/div>\n\t\t\t\t<div class=\"elementor-element elementor-element-2c50166 elementor-icon-list--layout-traditional elementor-list-item-link-full_width flex-horizontal-align-default flex-horizontal-align-tablet-default flex-horizontal-align-mobile-default flex-vertical-align-default flex-vertical-align-tablet-default flex-vertical-align-mobile-default elementor-widget elementor-widget-icon-list\" data-id=\"2c50166\" data-element_type=\"widget\" data-e-type=\"widget\" data-widget_type=\"icon-list.default\">\n\t\t\t\t<div class=\"elementor-widget-container\">\n\t\t\t\t\t\t\t<ul class=\"elementor-icon-list-items\">\n\t\t\t\t\t\t\t<li class=\"elementor-icon-list-item\">\n\t\t\t\t\t\t\t\t\t\t\t<span class=\"elementor-icon-list-icon\">\n\t\t\t\t\t\t\t<i aria-hidden=\"true\" class=\"fas fa-square\"><\/i>\t\t\t\t\t\t<\/span>\n\t\t\t\t\t\t\t\t\t\t<span class=\"elementor-icon-list-text\">Biological tests (blood and\/or urine tests)<\/span>\n\t\t\t\t\t\t\t\t\t<\/li>\n\t\t\t\t\t\t\t\t<li class=\"elementor-icon-list-item\">\n\t\t\t\t\t\t\t\t\t\t\t<span class=\"elementor-icon-list-icon\">\n\t\t\t\t\t\t\t<i aria-hidden=\"true\" class=\"fas fa-square\"><\/i>\t\t\t\t\t\t<\/span>\n\t\t\t\t\t\t\t\t\t\t<span class=\"elementor-icon-list-text\">Electrocardiogram<\/span>\n\t\t\t\t\t\t\t\t\t<\/li>\n\t\t\t\t\t\t\t\t<li class=\"elementor-icon-list-item\">\n\t\t\t\t\t\t\t\t\t\t\t<span class=\"elementor-icon-list-icon\">\n\t\t\t\t\t\t\t<i aria-hidden=\"true\" class=\"fas fa-square\"><\/i>\t\t\t\t\t\t<\/span>\n\t\t\t\t\t\t\t\t\t\t<span class=\"elementor-icon-list-text\">Verification of weight, height, abdominal circumference and blood pressure<\/span>\n\t\t\t\t\t\t\t\t\t<\/li>\n\t\t\t\t\t\t\t\t<li class=\"elementor-icon-list-item\">\n\t\t\t\t\t\t\t\t\t\t\t<span class=\"elementor-icon-list-icon\">\n\t\t\t\t\t\t\t<i aria-hidden=\"true\" class=\"fas fa-square\"><\/i>\t\t\t\t\t\t<\/span>\n\t\t\t\t\t\t\t\t\t\t<span class=\"elementor-icon-list-text\">Full medical examination<\/span>\n\t\t\t\t\t\t\t\t\t<\/li>\n\t\t\t\t\t\t<\/ul>\n\t\t\t\t\t\t<\/div>\n\t\t\t\t<\/div>\n\t\t\t\t<div class=\"elementor-element elementor-element-a9f91b6 flex-horizontal-align-default flex-horizontal-align-tablet-default flex-horizontal-align-mobile-default flex-vertical-align-default flex-vertical-align-tablet-default flex-vertical-align-mobile-default elementor-widget elementor-widget-text-editor\" data-id=\"a9f91b6\" data-element_type=\"widget\" data-e-type=\"widget\" data-widget_type=\"text-editor.default\">\n\t\t\t\t<div class=\"elementor-widget-container\">\n\t\t\t\t\t\t\t\t\t\t\t\t<div class=\"elementor-text-editor elementor-clearfix\">\r\n\t\t\t\t\t\t<p><span style=\"color: #ffffff;\">Depending on the type of patient, additional tests may be requested by the doctor.<\/span><\/p>\t\t\t\t\t\t\t<\/div>\r\n\t\t\t\t\t\t\t\t\t\t<\/div>\n\t\t\t\t<\/div>\n\t\t\t\t<div class=\"elementor-element elementor-element-6861cff flex-horizontal-align-default flex-horizontal-align-tablet-default flex-horizontal-align-mobile-default flex-vertical-align-default flex-vertical-align-tablet-default flex-vertical-align-mobile-default elementor-widget elementor-widget-text-editor\" data-id=\"6861cff\" data-element_type=\"widget\" data-e-type=\"widget\" data-widget_type=\"text-editor.default\">\n\t\t\t\t<div class=\"elementor-widget-container\">\n\t\t\t\t\t\t\t\t\t\t\t\t<div class=\"elementor-text-editor elementor-clearfix\">\r\n\t\t\t\t\t\t<h2><span style=\"color: #ffffff;\">WHEN SHOULD I HAVE A MEDICAL CHECK-UP?<\/span><\/h2><p><span style=\"color: #ffffff;\">You should have a check-up at least once a year. Some people need more frequent check-ups, for example if they have risk factors for certain diseases (such as high blood pressure).<\/span><\/p>\t\t\t\t\t\t\t<\/div>\r\n\t\t\t\t\t\t\t\t\t\t<\/div>\n\t\t\t\t<\/div>\n\t\t\t\t<div class=\"elementor-element elementor-element-5f4811e1 flex-horizontal-align-default flex-horizontal-align-tablet-default flex-horizontal-align-mobile-default flex-vertical-align-default flex-vertical-align-tablet-default flex-vertical-align-mobile-default elementor-widget elementor-widget-thegem-styledbutton\" data-id=\"5f4811e1\" data-element_type=\"widget\" data-e-type=\"widget\" data-settings=\"{&quot;thegem_button_skin&quot;:&quot;outline&quot;}\" data-widget_type=\"thegem-styledbutton.default\">\n\t\t\t\t<div class=\"elementor-widget-container\">\n\t\t\t\t\t\n<div class=\"gem-button-container gem-widget-button\">\n\n\t\t<a class=\"gem-button gem-button-size-medium gem-button-text-weight-bold gem-button-style-outline gem-button-border-3\" href=\"https:\/\/www.clinique-med.com\/espace-patient\/prise-de-rdv\/\">\n\t\t<span class=\"gem-inner-wrapper-btn\">\n\t\t\t\t\t\t<span class=\"gem-text-button\">\n\t\t\t\tAPPOINTMENT\t\t\t<\/span>\n\t\t<\/span>\n\t<\/a>\n\n\t\n<\/div>\t\t\t\t<\/div>\n\t\t\t\t<\/div>\n\t\t\t\t\t<\/div>\n\t\t<\/div>\n\t\t\t\t\t<\/div><\/div>\r\n\t\t<\/section>\r\n\t\t\t\t\t<\/div>\n\t\t<\/div>\n\t\t\t\t\t<\/div><\/div>\r\n\t\t<\/section>\r\n\t\t\t\t<section class=\"elementor-section elementor-top-section elementor-element elementor-element-1e70ea6 elementor-section-boxed elementor-section-height-default elementor-section-height-default\" data-id=\"1e70ea6\" data-element_type=\"section\" data-e-type=\"section\">\r\n\t\t\t\t\t\t<div class=\"elementor-container elementor-column-gap-thegem\"><div class=\"elementor-row\">\r\n\t\t\t\t\t<div class=\"elementor-column elementor-col-100 elementor-top-column elementor-element elementor-element-eceeda4\" data-id=\"eceeda4\" data-element_type=\"column\" data-e-type=\"column\">\n\t\t\t<div class=\"elementor-widget-wrap elementor-element-populated\">\n\t\t\t\t\t\t<div class=\"elementor-element elementor-element-f8d2497 flex-horizontal-align-default flex-horizontal-align-tablet-default flex-horizontal-align-mobile-default flex-vertical-align-default flex-vertical-align-tablet-default flex-vertical-align-mobile-default elementor-widget elementor-widget-text-editor\" data-id=\"f8d2497\" data-element_type=\"widget\" data-e-type=\"widget\" data-widget_type=\"text-editor.default\">\n\t\t\t\t<div class=\"elementor-widget-container\">\n\t\t\t\t\t\t\t\t\t\t\t\t<div class=\"elementor-text-editor elementor-clearfix\">\r\n\t\t\t\t\t\t<h2>Medical Check-up Benefit\u00a0<\/h2><p>At Clinique Med, we understand the importance of regular medical check-ups for maintaining your health and preventing any potential issues. That&#8217;s why we offer comprehensive medical control packages to all our patients, designed to assess your overall well-being and detect any underlying conditions.<\/p><p>During a medical control, our experienced doctors will conduct a thorough evaluation of your current health status. This may include taking your vital signs such as blood pressure, heart rate, and temperature, as well as reviewing your medical history and any existing symptoms you may be experiencing.<\/p><p>Our team will also perform a physical examination, checking for any abnormalities or signs of potential health concerns.<\/p><p>But the benefits of a medical check-up go beyond just detecting any existing health issues. Regular check-ups can also help identify risk factors for future diseases and provide an opportunity to discuss lifestyle changes with your doctor. This can lead to early intervention and prevention of serious conditions such as heart disease, diabetes, and cancer.<\/p><p>At Clinique Med, we believe that prevention is key to maintaining good health. That&#8217;s why our medical check-up packages include personalized recommendations for lifestyle modifications and preventive measures based on individual needs. We also offer specialized screenings and tests such as blood work, imaging studies, and cancer screenings to ensure a comprehensive evaluation.<\/p><p>Don&#8217;t wait until you&#8217;re feeling sick to see a doctor. Take charge of your health and schedule a medical control today at Clinique Med. Our team of experienced healthcare professionals is dedicated to helping you achieve optimal health and well-being. Trust us to take care of your health, so you can focus on living life to the fullest.<\/p>\t\t\t\t\t\t\t<\/div>\r\n\t\t\t\t\t\t\t\t\t\t<\/div>\n\t\t\t\t<\/div>\n\t\t\t\t\t<\/div>\n\t\t<\/div>\n\t\t\t\t\t<\/div><\/div>\r\n\t\t<\/section>\r\n\t\t\t\t<\/div>\n\t\t","protected":false},"excerpt":{"rendered":"<p>MEDICAL CHECK-UP : HOW DO I GET A CHECK-UP? A medical check-up is an important part of maintaining good health&#8230;.<\/p>\n","protected":false},"author":1,"featured_media":0,"parent":0,"menu_order":0,"comment_status":"closed","ping_status":"closed","template":"page-fullwidth.php","meta":{"footnotes":""},"class_list":["post-8760","page","type-page","status-publish"],"yoast_head":"<!-- This site is optimized with the Yoast SEO plugin v27.0 - https:\/\/yoast.com\/product\/yoast-seo-wordpress\/ -->\n<title>Check-up - Clinique M\u00e9diterran\u00e9enne<\/title>\n<meta name=\"description\" content=\"Check-up, do a quick health check-up, health check-up Tunisia, preventive health examination (EPS), price health check-up EPS Tunisia\" \/>\n<meta name=\"robots\" content=\"index, follow, max-snippet:-1, max-image-preview:large, max-video-preview:-1\" \/>\n<link rel=\"canonical\" href=\"https:\/\/www.clinique-med.com\/en\/check-up\/\" \/>\n<meta property=\"og:locale\" content=\"en_US\" \/>\n<meta property=\"og:type\" content=\"article\" \/>\n<meta property=\"og:title\" content=\"Check-up\" \/>\n<meta property=\"og:description\" content=\"Check-up, do a quick health check-up, health check-up Tunisia, preventive health examination (EPS), price health check-up EPS Tunisia\" \/>\n<meta property=\"og:url\" content=\"https:\/\/www.clinique-med.com\/en\/check-up\/\" \/>\n<meta property=\"og:site_name\" content=\"Clinique M\u00e9diterran\u00e9enne\" \/>\n<meta property=\"article:publisher\" content=\"https:\/\/www.facebook.com\/cliniquemed\" \/>\n<meta property=\"article:modified_time\" content=\"2025-03-15T17:13:06+00:00\" \/>\n<meta property=\"og:image\" content=\"https:\/\/www.clinique-med.com\/wp-content\/uploads\/2023\/01\/check.jpg\" \/>\n\t<meta property=\"og:image:width\" content=\"1320\" \/>\n\t<meta property=\"og:image:height\" content=\"1030\" \/>\n\t<meta property=\"og:image:type\" content=\"image\/jpeg\" \/>\n<meta name=\"twitter:card\" content=\"summary_large_image\" \/>\n<meta name=\"twitter:title\" content=\"Check-up\" \/>\n<meta name=\"twitter:description\" content=\"Check-up, do a quick health check-up, health check-up Tunisia, preventive health examination (EPS), price health check-up EPS Tunisia\" \/>\n<meta name=\"twitter:image\" content=\"https:\/\/www.clinique-med.com\/wp-content\/uploads\/2023\/01\/check.jpg\" \/>\n<meta name=\"twitter:site\" content=\"@cliniquemed\" \/>\n<meta name=\"twitter:label1\" content=\"Est. reading time\" \/>\n\t<meta name=\"twitter:data1\" content=\"3 minutes\" \/>\n<!-- \/ Yoast SEO plugin. -->","yoast_head_json":{"title":"Check-up - Clinique M\u00e9diterran\u00e9enne","description":"Check-up, do a quick health check-up, health check-up Tunisia, preventive health examination (EPS), price health check-up EPS Tunisia","robots":{"index":"index","follow":"follow","max-snippet":"max-snippet:-1","max-image-preview":"max-image-preview:large","max-video-preview":"max-video-preview:-1"},"canonical":"https:\/\/www.clinique-med.com\/en\/check-up\/","og_locale":"en_US","og_type":"article","og_title":"Check-up","og_description":"Check-up, do a quick health check-up, health check-up Tunisia, preventive health examination (EPS), price health check-up EPS Tunisia","og_url":"https:\/\/www.clinique-med.com\/en\/check-up\/","og_site_name":"Clinique M\u00e9diterran\u00e9enne","article_publisher":"https:\/\/www.facebook.com\/cliniquemed","article_modified_time":"2025-03-15T17:13:06+00:00","og_image":[{"width":1320,"height":1030,"url":"https:\/\/www.clinique-med.com\/wp-content\/uploads\/2023\/01\/check.jpg","type":"image\/jpeg"}],"twitter_card":"summary_large_image","twitter_title":"Check-up","twitter_description":"Check-up, do a quick health check-up, health check-up Tunisia, preventive health examination (EPS), price health check-up EPS Tunisia","twitter_image":"https:\/\/www.clinique-med.com\/wp-content\/uploads\/2023\/01\/check.jpg","twitter_site":"@cliniquemed","twitter_misc":{"Est. reading time":"3 minutes"},"schema":{"@context":"https:\/\/schema.org","@graph":[{"@type":"Article","@id":"https:\/\/www.clinique-med.com\/en\/check-up\/#article","isPartOf":{"@id":"https:\/\/www.clinique-med.com\/en\/check-up\/"},"author":{"name":"cli_adm_log","@id":"https:\/\/www.clinique-med.com\/en\/#\/schema\/person\/9ad463e520e578c17ad550e4ce8eb15b"},"headline":"Check-up","datePublished":"2023-01-25T17:13:00+00:00","dateModified":"2025-03-15T17:13:06+00:00","mainEntityOfPage":{"@id":"https:\/\/www.clinique-med.com\/en\/check-up\/"},"wordCount":558,"publisher":{"@id":"https:\/\/www.clinique-med.com\/en\/#organization"},"inLanguage":"en-US"},{"@type":"WebPage","@id":"https:\/\/www.clinique-med.com\/en\/check-up\/","url":"https:\/\/www.clinique-med.com\/en\/check-up\/","name":"Check-up - Clinique M\u00e9diterran\u00e9enne","isPartOf":{"@id":"https:\/\/www.clinique-med.com\/en\/#website"},"datePublished":"2023-01-25T17:13:00+00:00","dateModified":"2025-03-15T17:13:06+00:00","description":"Check-up, do a quick health check-up, health check-up Tunisia, preventive health examination (EPS), price health check-up EPS Tunisia","breadcrumb":{"@id":"https:\/\/www.clinique-med.com\/en\/check-up\/#breadcrumb"},"inLanguage":"en-US","potentialAction":[{"@type":"ReadAction","target":["https:\/\/www.clinique-med.com\/en\/check-up\/"]}]},{"@type":"BreadcrumbList","@id":"https:\/\/www.clinique-med.com\/en\/check-up\/#breadcrumb","itemListElement":[{"@type":"ListItem","position":1,"name":"Accueil","item":"https:\/\/www.clinique-med.com\/en\/"},{"@type":"ListItem","position":2,"name":"Check-up"}]},{"@type":"WebSite","@id":"https:\/\/www.clinique-med.com\/en\/#website","url":"https:\/\/www.clinique-med.com\/en\/","name":"Clinique M\u00e9diterran\u00e9enne","description":"clinique M\u00e9diterran\u00e9enne, Centres d&#039;explorations, Cardiologie, Oncologie, P\u00e9diatrie, Gyn\u00e9cologie &amp; Obst\u00e9trique, Chirurgie Orthop\u00e9dique et proth\u00e9tique, Chirurgie Urologique et r\u00e9nale, Chirurgie visc\u00e9rale &amp; Digestive, dialyse","publisher":{"@id":"https:\/\/www.clinique-med.com\/en\/#organization"},"alternateName":"La clinique M\u00e9diterran\u00e9enne","potentialAction":[{"@type":"SearchAction","target":{"@type":"EntryPoint","urlTemplate":"https:\/\/www.clinique-med.com\/en\/?s={search_term_string}"},"query-input":{"@type":"PropertyValueSpecification","valueRequired":true,"valueName":"search_term_string"}}],"inLanguage":"en-US"},{"@type":"Organization","@id":"https:\/\/www.clinique-med.com\/en\/#organization","name":"La clinique M\u00e9diterran\u00e9enne","alternateName":"La clinique M\u00e9diterran\u00e9enne","url":"https:\/\/www.clinique-med.com\/en\/","logo":{"@type":"ImageObject","inLanguage":"en-US","@id":"https:\/\/www.clinique-med.com\/en\/#\/schema\/logo\/image\/","url":"https:\/\/www.clinique-med.com\/wp-content\/uploads\/2022\/12\/logo-v3-1.png","contentUrl":"https:\/\/www.clinique-med.com\/wp-content\/uploads\/2022\/12\/logo-v3-1.png","width":306,"height":120,"caption":"La clinique M\u00e9diterran\u00e9enne"},"image":{"@id":"https:\/\/www.clinique-med.com\/en\/#\/schema\/logo\/image\/"},"sameAs":["https:\/\/www.facebook.com\/cliniquemed","https:\/\/x.com\/cliniquemed","https:\/\/www.linkedin.com\/company\/cliniquemed\/","https:\/\/www.instagram.com\/clinique_med\/","https:\/\/www.youtube.com\/channel\/UCBWCZs88eg_AZRdhLyCK9Tw"]},{"@type":"Person","@id":"https:\/\/www.clinique-med.com\/en\/#\/schema\/person\/9ad463e520e578c17ad550e4ce8eb15b","name":"cli_adm_log","image":{"@type":"ImageObject","inLanguage":"en-US","@id":"https:\/\/www.clinique-med.com\/en\/#\/schema\/person\/image\/","url":"https:\/\/secure.gravatar.com\/avatar\/2d88266096ce4a3dd547cee507edf92948258620fd10fa7d0a589337edd24ba9?s=96&d=mm&r=g","contentUrl":"https:\/\/secure.gravatar.com\/avatar\/2d88266096ce4a3dd547cee507edf92948258620fd10fa7d0a589337edd24ba9?s=96&d=mm&r=g","caption":"cli_adm_log"},"sameAs":["http:\/\/gngvusw.cluster028.hosting.ovh.net"],"url":"https:\/\/www.clinique-med.com\/en\/author\/cli_adm_log\/"}]}},"_links":{"self":[{"href":"https:\/\/www.clinique-med.com\/en\/wp-json\/wp\/v2\/pages\/8760","targetHints":{"allow":["GET"]}}],"collection":[{"href":"https:\/\/www.clinique-med.com\/en\/wp-json\/wp\/v2\/pages"}],"about":[{"href":"https:\/\/www.clinique-med.com\/en\/wp-json\/wp\/v2\/types\/page"}],"author":[{"embeddable":true,"href":"https:\/\/www.clinique-med.com\/en\/wp-json\/wp\/v2\/users\/1"}],"replies":[{"embeddable":true,"href":"https:\/\/www.clinique-med.com\/en\/wp-json\/wp\/v2\/comments?post=8760"}],"version-history":[{"count":19,"href":"https:\/\/www.clinique-med.com\/en\/wp-json\/wp\/v2\/pages\/8760\/revisions"}],"predecessor-version":[{"id":9248,"href":"https:\/\/www.clinique-med.com\/en\/wp-json\/wp\/v2\/pages\/8760\/revisions\/9248"}],"wp:attachment":[{"href":"https:\/\/www.clinique-med.com\/en\/wp-json\/wp\/v2\/media?parent=8760"}],"curies":[{"name":"wp","href":"https:\/\/api.w.org\/{rel}","templated":true}]}}