{"id":8205,"date":"2022-12-26T17:30:24","date_gmt":"2022-12-26T16:30:24","guid":{"rendered":"https:\/\/www.clinique-med.com\/poles-dactivites\/"},"modified":"2025-03-06T20:30:41","modified_gmt":"2025-03-06T19:30:41","slug":"activity-centres","status":"publish","type":"page","link":"https:\/\/www.clinique-med.com\/en\/activity-centres\/","title":{"rendered":"Activity Centres"},"content":{"rendered":"\t\t<div data-elementor-type=\"wp-page\" data-elementor-id=\"8205\" class=\"elementor elementor-8205 elementor-1968\">\n\t\t\t\t\t\t<section class=\"elementor-section elementor-top-section elementor-element elementor-element-16d16276 elementor-section-stretched elementor-section-boxed elementor-section-height-default elementor-section-height-default\" data-id=\"16d16276\" data-element_type=\"section\" data-e-type=\"section\" data-settings=\"{&quot;background_background&quot;:&quot;classic&quot;,&quot;stretch_section&quot;:&quot;section-stretched&quot;}\">\r\n\t\t\t\t\t\t<div class=\"elementor-container elementor-column-gap-thegem\"><div class=\"elementor-row\">\r\n\t\t\t\t\t<div class=\"elementor-column elementor-col-100 elementor-top-column elementor-element elementor-element-4387fe13\" data-id=\"4387fe13\" data-element_type=\"column\" data-e-type=\"column\">\n\t\t\t<div class=\"elementor-widget-wrap elementor-element-populated\">\n\t\t\t\t\t\t<div class=\"elementor-element elementor-element-4fdc9f38 flex-horizontal-align-default flex-horizontal-align-tablet-default flex-horizontal-align-mobile-default flex-vertical-align-default flex-vertical-align-tablet-default flex-vertical-align-mobile-default elementor-widget elementor-widget-text-editor\" data-id=\"4fdc9f38\" data-element_type=\"widget\" data-e-type=\"widget\" data-widget_type=\"text-editor.default\">\n\t\t\t\t<div class=\"elementor-widget-container\">\n\t\t\t\t\t\t\t\t\t\t\t\t<div class=\"elementor-text-editor elementor-clearfix\">\r\n\t\t\t\t\t\t<div class=\"title-h2\"><span style=\"color: #00a4ef;\">OUR <span style=\"color: #3c3950;\">ACTIVITY CENTRES<\/span><\/span><\/div>\t\t\t\t\t\t\t<\/div>\r\n\t\t\t\t\t\t\t\t\t\t<\/div>\n\t\t\t\t<\/div>\n\t\t\t\t<div class=\"elementor-element elementor-element-4b47915f elementor-widget__width-initial flex-horizontal-align-default flex-horizontal-align-tablet-default flex-horizontal-align-mobile-default flex-vertical-align-default flex-vertical-align-tablet-default flex-vertical-align-mobile-default elementor-widget elementor-widget-text-editor\" data-id=\"4b47915f\" data-element_type=\"widget\" data-e-type=\"widget\" data-widget_type=\"text-editor.default\">\n\t\t\t\t<div class=\"elementor-widget-container\">\n\t\t\t\t\t\t\t\t\t\t\t\t<div class=\"elementor-text-editor elementor-clearfix\">\r\n\t\t\t\t\t\t<p>Excellence in patient care is achieved thanks to the professionalism and team spirit of our entire nursing staff.<br \/>Our multidisciplinary departments cover the full medical repertoire to ensure that our patients receive the most effective treatment for their conditions.<\/p>\t\t\t\t\t\t\t<\/div>\r\n\t\t\t\t\t\t\t\t\t\t<\/div>\n\t\t\t\t<\/div>\n\t\t\t\t<div class=\"elementor-element elementor-element-63b0a2f3 flex-horizontal-align-default flex-horizontal-align-tablet-default flex-horizontal-align-mobile-default flex-vertical-align-default flex-vertical-align-tablet-default flex-vertical-align-mobile-default elementor-widget elementor-widget-thegem-quickfinders\" data-id=\"63b0a2f3\" data-element_type=\"widget\" data-e-type=\"widget\" data-settings=\"{&quot;thegem_elementor_preset&quot;:&quot;iconed&quot;}\" data-widget_type=\"thegem-quickfinders.default\">\n\t\t\t\t<div class=\"elementor-widget-container\">\n\t\t\t\t\t\n<div class=\"quickfinder row inline-row quickfinder-style-iconed\">\n\t\t\t<div class=\"lazy-loading  quickfinder-item inline-column col-md-4 col-sm-6 col-xs-12\">\n\n\t\t\t\t\t\t\t<div class=\"quickfinder-item-box\">\n\t\t\t\n\t\t\t\t<div class=\"quickfinder-item-inner bordered-box icon-top icon-wrapping-none centered-box button-bottom lazy-loading-item\" data-ll-effect=\"fading\" data-ll-item-delay=\"200\"> \n\n\t\t\t\t\t\t\t\t\t\t\t<div class=\"quickfinder-icon-container\">\n\n\t<div class=\"connector-container\">\n\t\t<span><\/span>\n\t<\/div>\n\n\t<div class=\"gem-qf-icon-image-wrapper lazy-loading-item\" data-ll-effect=\"clip\">\n\t\t\t\t\t<div class=\"gem-image\">\n\t\t\t\t<span>\n\t\t\t\t\t<img width=\"82\" height=\"82\" src=\"https:\/\/www.clinique-med.com\/wp-content\/uploads\/2022\/11\/mere-et-enfant.png\" class=\"attachment-full size-full wp-image-997\" alt=\"m\u00e8re et enfant clinique med\" loading=\"lazy\" \/>\t\t\t\t<\/span>\n\t\t\t<\/div>\n\n\n\t\t\n\t\t\t<\/div>\n\n\t<div class=\"connector-container\">\n\t\t<span><\/span>\n\t<\/div>\n\n<\/div>\n\n\t\t\t\t\t\n\t\t\t\t\t<div class=\"quickfinder-item-info-wrapper\"> \n\t\t\t\t\t\t<div class=\"quickfinder-item-info lazy-loading-item\" data-ll-effect=\"fading\" data-ll-item-delay=\"200\">\n\t\n\t\t<h5 class=\"quickfinder-title title-h5 bold\">\n\t\t\tMOTHER AND CHILD CENTRE\t\t<\/h5>\n\t\n\t\n\t\t<div class=\"quickfinder-description gem-text-output\">\n\t\t\t<p>This well-equipped centre provides care for all women\u2019s and children\u2019s pathologies, from pregnancy to adolescence. Activities: Antenatal care, labour and delivery, Paediatric surgery for congenital deformities, Paediatric orthopaedics, Cancer of the endometrium, fibroids, prolapse and<br \/>ovarian cysts, In vitro fertilization, Infertility etc. With a fully dedicated PM (medically assisted reproduction) department.<\/p>\t\t<\/div>\n\t\n\t<\/div>\t\t\t\t\t<\/div>\n\n\t\t\t\t\t\t<a href=\"https:\/\/www.clinique-med.com\/en\/activity-centres\/mother-and-child-centre\/\" target=\"_blank\" rel=\"nofollow\" class=\"quickfinder-item-link\"><\/a>\n\n\t\t\t\t<\/div>\n\n\t\t\t\t\t\t\t<\/div>\n\t\t\t\t\t<\/div>\n\t\t\t<div class=\"lazy-loading  quickfinder-item inline-column col-md-4 col-sm-6 col-xs-12\">\n\n\t\t\t\t\t\t\t<div class=\"quickfinder-item-box\">\n\t\t\t\n\t\t\t\t<div class=\"quickfinder-item-inner bordered-box icon-top icon-wrapping-none centered-box button-bottom lazy-loading-item\" data-ll-effect=\"fading\" data-ll-item-delay=\"200\"> \n\n\t\t\t\t\t\t\t\t\t\t\t<div class=\"quickfinder-icon-container\">\n\n\t<div class=\"connector-container\">\n\t\t<span><\/span>\n\t<\/div>\n\n\t<div class=\"gem-qf-icon-image-wrapper lazy-loading-item\" data-ll-effect=\"clip\">\n\t\t\t\t\t<div class=\"gem-image\">\n\t\t\t\t<span>\n\t\t\t\t\t<img width=\"82\" height=\"82\" src=\"https:\/\/www.clinique-med.com\/wp-content\/uploads\/2022\/11\/vicerale.png\" class=\"attachment-full size-full wp-image-1001\" alt=\"chirurgie visc\u00e9rale clinique med\" loading=\"lazy\" \/>\t\t\t\t<\/span>\n\t\t\t<\/div>\n\n\n\t\t\n\t\t\t<\/div>\n\n\t<div class=\"connector-container\">\n\t\t<span><\/span>\n\t<\/div>\n\n<\/div>\n\n\t\t\t\t\t\n\t\t\t\t\t<div class=\"quickfinder-item-info-wrapper\"> \n\t\t\t\t\t\t<div class=\"quickfinder-item-info lazy-loading-item\" data-ll-effect=\"fading\" data-ll-item-delay=\"200\">\n\t\n\t\t<h5 class=\"quickfinder-title title-h5 bold\">\n\t\t\tVISCERAL SURGERY\t\t<\/h5>\n\t\n\t\n\t\t<div class=\"quickfinder-description gem-text-output\">\n\t\t\t<p>Visceral surgery focuses on: endoscopic surgery and appendectomy, peptic ulcer surgery, proctological surgery: anal haemorrhoid removal, digestive system surgery, liver, gallbladder and pancreas surgery, obesity surgery &#8216; sleeve, bypass &#8216;, emergency surgery&#8230;.<\/p>\t\t<\/div>\n\t\n\t<\/div>\t\t\t\t\t<\/div>\n\n\t\t\t\t\t\t<a href=\"https:\/\/www.clinique-med.com\/en\/activity-centres\/visceral-surgery-centre\/\" target=\"_blank\" rel=\"nofollow\" class=\"quickfinder-item-link\"><\/a>\n\n\t\t\t\t<\/div>\n\n\t\t\t\t\t\t\t<\/div>\n\t\t\t\t\t<\/div>\n\t\t\t<div class=\"lazy-loading  quickfinder-item inline-column col-md-4 col-sm-6 col-xs-12\">\n\n\t\t\t\t\t\t\t<div class=\"quickfinder-item-box\">\n\t\t\t\n\t\t\t\t<div class=\"quickfinder-item-inner bordered-box icon-top icon-wrapping-none centered-box button-bottom lazy-loading-item\" data-ll-effect=\"fading\" data-ll-item-delay=\"200\"> \n\n\t\t\t\t\t\t\t\t\t\t\t<div class=\"quickfinder-icon-container\">\n\n\t<div class=\"connector-container\">\n\t\t<span><\/span>\n\t<\/div>\n\n\t<div class=\"gem-qf-icon-image-wrapper lazy-loading-item\" data-ll-effect=\"clip\">\n\t\t\t\t\t<div class=\"gem-image\">\n\t\t\t\t<span>\n\t\t\t\t\t<img width=\"82\" height=\"82\" src=\"https:\/\/www.clinique-med.com\/wp-content\/uploads\/2022\/11\/oncologie-1.png\" class=\"attachment-full size-full wp-image-1004\" alt=\"oncologie clinique med\" loading=\"lazy\" \/>\t\t\t\t<\/span>\n\t\t\t<\/div>\n\n\n\t\t\n\t\t\t<\/div>\n\n\t<div class=\"connector-container\">\n\t\t<span><\/span>\n\t<\/div>\n\n<\/div>\n\n\t\t\t\t\t\n\t\t\t\t\t<div class=\"quickfinder-item-info-wrapper\"> \n\t\t\t\t\t\t<div class=\"quickfinder-item-info lazy-loading-item\" data-ll-effect=\"fading\" data-ll-item-delay=\"200\">\n\t\n\t\t<h5 class=\"quickfinder-title title-h5 bold\">\n\t\t\tONCOLOGY CENTRE\t\t<\/h5>\n\t\n\t\n\t\t<div class=\"quickfinder-description gem-text-output\">\n\t\t\t<p>Oncology is the study, diagnosis and treatment of cancer.<br \/>Our clinic has an outpatient chemotherapy unit and a day hospital structure which includes: A 10-bed day hospitalisation unit, a cytotoxic preparation unit equipped with a fume hood.<\/p>\t\t<\/div>\n\t\n\t<\/div>\t\t\t\t\t<\/div>\n\n\t\t\t\t\t\t<a href=\"https:\/\/www.clinique-med.com\/en\/activity-centres\/oncology-centre\/\" target=\"_blank\" rel=\"nofollow\" class=\"quickfinder-item-link\"><\/a>\n\n\t\t\t\t<\/div>\n\n\t\t\t\t\t\t\t<\/div>\n\t\t\t\t\t<\/div>\n\t\t\t<div class=\"lazy-loading  quickfinder-item inline-column col-md-4 col-sm-6 col-xs-12\">\n\n\t\t\t\t\t\t\t<div class=\"quickfinder-item-box\">\n\t\t\t\n\t\t\t\t<div class=\"quickfinder-item-inner bordered-box icon-top icon-wrapping-none centered-box button-bottom lazy-loading-item\" data-ll-effect=\"fading\" data-ll-item-delay=\"200\"> \n\n\t\t\t\t\t\t\t\t\t\t\t<div class=\"quickfinder-icon-container\">\n\n\t<div class=\"connector-container\">\n\t\t<span><\/span>\n\t<\/div>\n\n\t<div class=\"gem-qf-icon-image-wrapper lazy-loading-item\" data-ll-effect=\"clip\">\n\t\t\t\t\t<div class=\"gem-image\">\n\t\t\t\t<span>\n\t\t\t\t\t<img loading=\"lazy\" width=\"82\" height=\"82\" src=\"https:\/\/www.clinique-med.com\/wp-content\/uploads\/2022\/11\/urologie.png\" class=\"attachment-full size-full wp-image-1005\" alt=\"Centre M\u00e9dico-chirurgicale d&#039;Urologie\" \/>\t\t\t\t<\/span>\n\t\t\t<\/div>\n\n\n\t\t\n\t\t\t<\/div>\n\n\t<div class=\"connector-container\">\n\t\t<span><\/span>\n\t<\/div>\n\n<\/div>\n\n\t\t\t\t\t\n\t\t\t\t\t<div class=\"quickfinder-item-info-wrapper\"> \n\t\t\t\t\t\t<div class=\"quickfinder-item-info lazy-loading-item\" data-ll-effect=\"fading\" data-ll-item-delay=\"200\">\n\t\n\t\t<h5 class=\"quickfinder-title title-h5 bold\">\n\t\t\tMEDICAL AND SURGICAL CENTRE FOR UROLOGY\t\t<\/h5>\n\t\n\t\n\t\t<div class=\"quickfinder-description gem-text-output\">\n\t\t\t<p>Urological surgery focuses on: <br \/><strong>Lithiasis diseases<\/strong>:<br \/>1. Semi-rigid and flexible ureteroscopy<br \/>2. Percutaneous Nephrolithotomy (PNCL)<br \/>3. Open surgery<br \/>4. Pyelotomy<br \/><strong>Prostatic diseases<\/strong>:<br \/>1. Endoscopic resection of the prostate, prostatectomy, transurethral prostatectomy<br \/><strong>Urothelial diseases<\/strong>:<br \/>1. Cystectomy, nephroureterectomy<br \/>2. Resection of bladder tumour<br \/><strong>Other Extended nephrectomy<\/strong>, adrenalectomy<br \/>Paediatric urological surgery<br \/>Urethral surgery<br \/>Genital Surgery<\/p>\t\t<\/div>\n\t\n\t<\/div>\t\t\t\t\t<\/div>\n\n\t\t\t\t\t\t<a href=\"https:\/\/www.clinique-med.com\/en\/activity-centres\/urology-medical-surgical-centre\/\" target=\"_blank\" rel=\"nofollow\" class=\"quickfinder-item-link\"><\/a>\n\n\t\t\t\t<\/div>\n\n\t\t\t\t\t\t\t<\/div>\n\t\t\t\t\t<\/div>\n\t\t\t<div class=\"lazy-loading  quickfinder-item inline-column col-md-4 col-sm-6 col-xs-12\">\n\n\t\t\t\t\t\t\t<div class=\"quickfinder-item-box\">\n\t\t\t\n\t\t\t\t<div class=\"quickfinder-item-inner bordered-box icon-top icon-wrapping-none centered-box button-bottom lazy-loading-item\" data-ll-effect=\"fading\" data-ll-item-delay=\"200\"> \n\n\t\t\t\t\t\t\t\t\t\t\t<div class=\"quickfinder-icon-container\">\n\n\t<div class=\"connector-container\">\n\t\t<span><\/span>\n\t<\/div>\n\n\t<div class=\"gem-qf-icon-image-wrapper lazy-loading-item\" data-ll-effect=\"clip\">\n\t\t\t\t\t<div class=\"gem-image\">\n\t\t\t\t<span>\n\t\t\t\t\t<img loading=\"lazy\" width=\"82\" height=\"82\" src=\"https:\/\/www.clinique-med.com\/wp-content\/uploads\/2022\/11\/colonne.png\" class=\"attachment-full size-full wp-image-1013\" alt=\"colonne vert\u00e9brale clinique med\" \/>\t\t\t\t<\/span>\n\t\t\t<\/div>\n\n\n\t\t\n\t\t\t<\/div>\n\n\t<div class=\"connector-container\">\n\t\t<span><\/span>\n\t<\/div>\n\n<\/div>\n\n\t\t\t\t\t\n\t\t\t\t\t<div class=\"quickfinder-item-info-wrapper\"> \n\t\t\t\t\t\t<div class=\"quickfinder-item-info lazy-loading-item\" data-ll-effect=\"fading\" data-ll-item-delay=\"200\">\n\t\n\t\t<h5 class=\"quickfinder-title title-h5 bold\">\n\t\t\tORTHOPAEDICS AND SPINE SURGERY\t\t<\/h5>\n\t\n\t\n\t\t<div class=\"quickfinder-description gem-text-output\">\n\t\t\t<p>The Department of Orthopaedics and Spine Surgery is dedicated to: spine surgery, hip surgery, knee surgery (<a href=\"https:\/\/fr.wikipedia.org\/wiki\/Ligament\" target=\"_blank\" rel=\"noopener\">ligaments<\/a> and prostheses), foot and ankle surgery, upper limb and hand surgery, paediatric orthopaedics, trauma surgery (fractures and accidents&#8230;).<\/p>\t\t<\/div>\n\t\n\t<\/div>\t\t\t\t\t<\/div>\n\n\t\t\t\t\t\t<a href=\"https:\/\/www.clinique-med.com\/en\/activity-centres\/orthopaedics-and-spine-centre\/\" target=\"_blank\" rel=\"nofollow\" class=\"quickfinder-item-link\"><\/a>\n\n\t\t\t\t<\/div>\n\n\t\t\t\t\t\t\t<\/div>\n\t\t\t\t\t<\/div>\n\t\t\t<div class=\"lazy-loading  quickfinder-item inline-column col-md-4 col-sm-6 col-xs-12\">\n\n\t\t\t\t\t\t\t<div class=\"quickfinder-item-box\">\n\t\t\t\n\t\t\t\t<div class=\"quickfinder-item-inner bordered-box icon-top icon-wrapping-none centered-box button-bottom lazy-loading-item\" data-ll-effect=\"fading\" data-ll-item-delay=\"200\"> \n\n\t\t\t\t\t\t\t\t\t\t\t<div class=\"quickfinder-icon-container\">\n\n\t<div class=\"connector-container\">\n\t\t<span><\/span>\n\t<\/div>\n\n\t<div class=\"gem-qf-icon-image-wrapper lazy-loading-item\" data-ll-effect=\"clip\">\n\t\t\t\t\t<div class=\"gem-image\">\n\t\t\t\t<span>\n\t\t\t\t\t<img loading=\"lazy\" width=\"82\" height=\"82\" src=\"https:\/\/www.clinique-med.com\/wp-content\/uploads\/2022\/11\/rea.png\" class=\"attachment-full size-full wp-image-1012\" alt=\"pole r\u00e9animation clinique med\" \/>\t\t\t\t<\/span>\n\t\t\t<\/div>\n\n\n\t\t\n\t\t\t<\/div>\n\n\t<div class=\"connector-container\">\n\t\t<span><\/span>\n\t<\/div>\n\n<\/div>\n\n\t\t\t\t\t\n\t\t\t\t\t<div class=\"quickfinder-item-info-wrapper\"> \n\t\t\t\t\t\t<div class=\"quickfinder-item-info lazy-loading-item\" data-ll-effect=\"fading\" data-ll-item-delay=\"200\">\n\t\n\t\t<h5 class=\"quickfinder-title title-h5 bold\">\n\t\t\tEMERGENCY MEDICINE AND INTENSIVE CARE\t\t<\/h5>\n\t\n\t\n\t\t<div class=\"quickfinder-description gem-text-output\">\n\t\t\t<p>The Emergency Department receives all patients 24 hours 7\/7 a day. It is equipped with the latest emergency and resuscitation equipment.<br \/>A team of qualified doctors treats various urgent pathologies, either in hospital or in the necessary outpatient care: Initial cover for cardiac and pulmonary pathology, Initial cover for cerebrovascular accidents<br \/>Initial cover for road traffic accidents (RTA)\u2026<\/p>\t\t<\/div>\n\t\n\t<\/div>\t\t\t\t\t<\/div>\n\n\t\t\t\t\t\t<a href=\"https:\/\/www.clinique-med.com\/en\/activity-centres\/emergency-medicine-and-intensive-care\/\" target=\"_blank\" rel=\"nofollow\" class=\"quickfinder-item-link\"><\/a>\n\n\t\t\t\t<\/div>\n\n\t\t\t\t\t\t\t<\/div>\n\t\t\t\t\t<\/div>\n\t<\/div>\n\t\t\t\t<\/div>\n\t\t\t\t<\/div>\n\t\t\t\t\t<\/div>\n\t\t<\/div>\n\t\t\t\t\t<\/div><\/div>\r\n\t\t<\/section>\r\n\t\t\t\t<\/div>\n\t\t","protected":false},"excerpt":{"rendered":"<p>OUR ACTIVITY CENTRES Excellence in patient care is achieved thanks to the professionalism and team spirit of our entire nursing&#8230;<\/p>\n","protected":false},"author":1,"featured_media":0,"parent":0,"menu_order":0,"comment_status":"closed","ping_status":"closed","template":"page-fullwidth.php","meta":{"footnotes":""},"class_list":["post-8205","page","type-page","status-publish"],"yoast_head":"<!-- This site is optimized with the Yoast SEO plugin v27.0 - https:\/\/yoast.com\/product\/yoast-seo-wordpress\/ -->\n<title>Activity Centres - Clinique M\u00e9diterran\u00e9enne<\/title>\n<meta name=\"description\" content=\"Activity Centres clinique M\u00e9diterran\u00e9enne, mother and child centre, Visceral surgery, Oncology centre, Orthopaedics and Spine Surgery centre\" \/>\n<meta name=\"robots\" content=\"index, follow, max-snippet:-1, max-image-preview:large, max-video-preview:-1\" \/>\n<link rel=\"canonical\" href=\"https:\/\/www.clinique-med.com\/en\/activity-centres\/\" \/>\n<meta property=\"og:locale\" content=\"en_US\" \/>\n<meta property=\"og:type\" content=\"article\" \/>\n<meta property=\"og:title\" content=\"Activity Centres\" \/>\n<meta property=\"og:description\" content=\"Activity Centres clinique M\u00e9diterran\u00e9enne, mother and child centre, Visceral surgery, Oncology centre, Orthopaedics and Spine Surgery centre\" \/>\n<meta property=\"og:url\" content=\"https:\/\/www.clinique-med.com\/en\/activity-centres\/\" \/>\n<meta property=\"og:site_name\" content=\"Clinique M\u00e9diterran\u00e9enne\" \/>\n<meta property=\"article:publisher\" content=\"https:\/\/www.facebook.com\/cliniquemed\" \/>\n<meta property=\"article:modified_time\" content=\"2025-03-06T19:30:41+00:00\" \/>\n<meta property=\"og:image\" content=\"https:\/\/www.clinique-med.com\/wp-content\/uploads\/2022\/12\/explorations.png\" \/>\n\t<meta property=\"og:image:width\" content=\"300\" \/>\n\t<meta property=\"og:image:height\" content=\"300\" \/>\n\t<meta property=\"og:image:type\" content=\"image\/png\" \/>\n<meta name=\"twitter:card\" content=\"summary_large_image\" \/>\n<meta name=\"twitter:title\" content=\"Activity Centres\" \/>\n<meta name=\"twitter:description\" content=\"Activity Centres clinique M\u00e9diterran\u00e9enne, mother and child centre, Visceral surgery, Oncology centre, Orthopaedics and Spine Surgery centre\" \/>\n<meta name=\"twitter:image\" content=\"https:\/\/www.clinique-med.com\/wp-content\/uploads\/2022\/12\/explorations.png\" \/>\n<meta name=\"twitter:site\" content=\"@cliniquemed\" \/>\n<meta name=\"twitter:label1\" content=\"Est. reading time\" \/>\n\t<meta name=\"twitter:data1\" content=\"3 minutes\" \/>\n<!-- \/ Yoast SEO plugin. -->","yoast_head_json":{"title":"Activity Centres - Clinique M\u00e9diterran\u00e9enne","description":"Activity Centres clinique M\u00e9diterran\u00e9enne, mother and child centre, Visceral surgery, Oncology centre, Orthopaedics and Spine Surgery centre","robots":{"index":"index","follow":"follow","max-snippet":"max-snippet:-1","max-image-preview":"max-image-preview:large","max-video-preview":"max-video-preview:-1"},"canonical":"https:\/\/www.clinique-med.com\/en\/activity-centres\/","og_locale":"en_US","og_type":"article","og_title":"Activity Centres","og_description":"Activity Centres clinique M\u00e9diterran\u00e9enne, mother and child centre, Visceral surgery, Oncology centre, Orthopaedics and Spine Surgery centre","og_url":"https:\/\/www.clinique-med.com\/en\/activity-centres\/","og_site_name":"Clinique M\u00e9diterran\u00e9enne","article_publisher":"https:\/\/www.facebook.com\/cliniquemed","article_modified_time":"2025-03-06T19:30:41+00:00","og_image":[{"width":300,"height":300,"url":"https:\/\/www.clinique-med.com\/wp-content\/uploads\/2022\/12\/explorations.png","type":"image\/png"}],"twitter_card":"summary_large_image","twitter_title":"Activity Centres","twitter_description":"Activity Centres clinique M\u00e9diterran\u00e9enne, mother and child centre, Visceral surgery, Oncology centre, Orthopaedics and Spine Surgery centre","twitter_image":"https:\/\/www.clinique-med.com\/wp-content\/uploads\/2022\/12\/explorations.png","twitter_site":"@cliniquemed","twitter_misc":{"Est. reading time":"3 minutes"},"schema":{"@context":"https:\/\/schema.org","@graph":[{"@type":"Article","@id":"https:\/\/www.clinique-med.com\/en\/activity-centres\/#article","isPartOf":{"@id":"https:\/\/www.clinique-med.com\/en\/activity-centres\/"},"author":{"name":"cli_adm_log","@id":"https:\/\/www.clinique-med.com\/en\/#\/schema\/person\/9ad463e520e578c17ad550e4ce8eb15b"},"headline":"Activity Centres","datePublished":"2022-12-26T16:30:24+00:00","dateModified":"2025-03-06T19:30:41+00:00","mainEntityOfPage":{"@id":"https:\/\/www.clinique-med.com\/en\/activity-centres\/"},"wordCount":324,"publisher":{"@id":"https:\/\/www.clinique-med.com\/en\/#organization"},"image":{"@id":"https:\/\/www.clinique-med.com\/en\/activity-centres\/#primaryimage"},"thumbnailUrl":"https:\/\/www.clinique-med.com\/wp-content\/uploads\/2022\/11\/mere-et-enfant.png","inLanguage":"en-US"},{"@type":"WebPage","@id":"https:\/\/www.clinique-med.com\/en\/activity-centres\/","url":"https:\/\/www.clinique-med.com\/en\/activity-centres\/","name":"Activity Centres - Clinique M\u00e9diterran\u00e9enne","isPartOf":{"@id":"https:\/\/www.clinique-med.com\/en\/#website"},"primaryImageOfPage":{"@id":"https:\/\/www.clinique-med.com\/en\/activity-centres\/#primaryimage"},"image":{"@id":"https:\/\/www.clinique-med.com\/en\/activity-centres\/#primaryimage"},"thumbnailUrl":"https:\/\/www.clinique-med.com\/wp-content\/uploads\/2022\/11\/mere-et-enfant.png","datePublished":"2022-12-26T16:30:24+00:00","dateModified":"2025-03-06T19:30:41+00:00","description":"Activity Centres clinique M\u00e9diterran\u00e9enne, mother and child centre, Visceral surgery, Oncology centre, Orthopaedics and Spine Surgery centre","breadcrumb":{"@id":"https:\/\/www.clinique-med.com\/en\/activity-centres\/#breadcrumb"},"inLanguage":"en-US","potentialAction":[{"@type":"ReadAction","target":["https:\/\/www.clinique-med.com\/en\/activity-centres\/"]}]},{"@type":"ImageObject","inLanguage":"en-US","@id":"https:\/\/www.clinique-med.com\/en\/activity-centres\/#primaryimage","url":"https:\/\/www.clinique-med.com\/wp-content\/uploads\/2022\/11\/mere-et-enfant.png","contentUrl":"https:\/\/www.clinique-med.com\/wp-content\/uploads\/2022\/11\/mere-et-enfant.png"},{"@type":"BreadcrumbList","@id":"https:\/\/www.clinique-med.com\/en\/activity-centres\/#breadcrumb","itemListElement":[{"@type":"ListItem","position":1,"name":"Accueil","item":"https:\/\/www.clinique-med.com\/en\/"},{"@type":"ListItem","position":2,"name":"Activity Centres"}]},{"@type":"WebSite","@id":"https:\/\/www.clinique-med.com\/en\/#website","url":"https:\/\/www.clinique-med.com\/en\/","name":"Clinique M\u00e9diterran\u00e9enne","description":"clinique M\u00e9diterran\u00e9enne, Centres d&#039;explorations, Cardiologie, Oncologie, P\u00e9diatrie, Gyn\u00e9cologie &amp; Obst\u00e9trique, Chirurgie Orthop\u00e9dique et proth\u00e9tique, Chirurgie Urologique et r\u00e9nale, Chirurgie visc\u00e9rale &amp; Digestive, dialyse","publisher":{"@id":"https:\/\/www.clinique-med.com\/en\/#organization"},"alternateName":"La clinique M\u00e9diterran\u00e9enne","potentialAction":[{"@type":"SearchAction","target":{"@type":"EntryPoint","urlTemplate":"https:\/\/www.clinique-med.com\/en\/?s={search_term_string}"},"query-input":{"@type":"PropertyValueSpecification","valueRequired":true,"valueName":"search_term_string"}}],"inLanguage":"en-US"},{"@type":"Organization","@id":"https:\/\/www.clinique-med.com\/en\/#organization","name":"La clinique M\u00e9diterran\u00e9enne","alternateName":"La clinique M\u00e9diterran\u00e9enne","url":"https:\/\/www.clinique-med.com\/en\/","logo":{"@type":"ImageObject","inLanguage":"en-US","@id":"https:\/\/www.clinique-med.com\/en\/#\/schema\/logo\/image\/","url":"https:\/\/www.clinique-med.com\/wp-content\/uploads\/2022\/12\/logo-v3-1.png","contentUrl":"https:\/\/www.clinique-med.com\/wp-content\/uploads\/2022\/12\/logo-v3-1.png","width":306,"height":120,"caption":"La clinique M\u00e9diterran\u00e9enne"},"image":{"@id":"https:\/\/www.clinique-med.com\/en\/#\/schema\/logo\/image\/"},"sameAs":["https:\/\/www.facebook.com\/cliniquemed","https:\/\/x.com\/cliniquemed","https:\/\/www.linkedin.com\/company\/cliniquemed\/","https:\/\/www.instagram.com\/clinique_med\/","https:\/\/www.youtube.com\/channel\/UCBWCZs88eg_AZRdhLyCK9Tw"]},{"@type":"Person","@id":"https:\/\/www.clinique-med.com\/en\/#\/schema\/person\/9ad463e520e578c17ad550e4ce8eb15b","name":"cli_adm_log","image":{"@type":"ImageObject","inLanguage":"en-US","@id":"https:\/\/www.clinique-med.com\/en\/#\/schema\/person\/image\/","url":"https:\/\/secure.gravatar.com\/avatar\/2d88266096ce4a3dd547cee507edf92948258620fd10fa7d0a589337edd24ba9?s=96&d=mm&r=g","contentUrl":"https:\/\/secure.gravatar.com\/avatar\/2d88266096ce4a3dd547cee507edf92948258620fd10fa7d0a589337edd24ba9?s=96&d=mm&r=g","caption":"cli_adm_log"},"sameAs":["http:\/\/gngvusw.cluster028.hosting.ovh.net"],"url":"https:\/\/www.clinique-med.com\/en\/author\/cli_adm_log\/"}]}},"_links":{"self":[{"href":"https:\/\/www.clinique-med.com\/en\/wp-json\/wp\/v2\/pages\/8205","targetHints":{"allow":["GET"]}}],"collection":[{"href":"https:\/\/www.clinique-med.com\/en\/wp-json\/wp\/v2\/pages"}],"about":[{"href":"https:\/\/www.clinique-med.com\/en\/wp-json\/wp\/v2\/types\/page"}],"author":[{"embeddable":true,"href":"https:\/\/www.clinique-med.com\/en\/wp-json\/wp\/v2\/users\/1"}],"replies":[{"embeddable":true,"href":"https:\/\/www.clinique-med.com\/en\/wp-json\/wp\/v2\/comments?post=8205"}],"version-history":[{"count":18,"href":"https:\/\/www.clinique-med.com\/en\/wp-json\/wp\/v2\/pages\/8205\/revisions"}],"predecessor-version":[{"id":9177,"href":"https:\/\/www.clinique-med.com\/en\/wp-json\/wp\/v2\/pages\/8205\/revisions\/9177"}],"wp:attachment":[{"href":"https:\/\/www.clinique-med.com\/en\/wp-json\/wp\/v2\/media?parent=8205"}],"curies":[{"name":"wp","href":"https:\/\/api.w.org\/{rel}","templated":true}]}}